{"id":2762,"date":"2016-09-14T19:17:14","date_gmt":"2016-09-14T19:17:14","guid":{"rendered":"http:\/\/sexshopzagues.com.mx\/tienda\/?post_type=product&#038;p=2762"},"modified":"2021-09-07T22:59:07","modified_gmt":"2021-09-07T22:59:07","slug":"duotone-collection-kit__trashed","status":"publish","type":"product","link":"https:\/\/sexshopzagues.com.mx\/tienda\/?product=duotone-collection-kit__trashed","title":{"rendered":"Duotone Collection? Kit"},"content":{"rendered":"<p>Kit de vibrador cl\u00e1sico con vibraci\u00f3n regulable, bolas vaginales con bal\u00edn de contrapeso y bala vibradora regulable.<\/p>\n","protected":false},"excerpt":{"rendered":"Kit de vibrador, bolas y bala.","protected":false},"featured_media":2763,"comment_status":"open","ping_status":"closed","template":"","meta":[],"product_cat":[65,57],"product_tag":[75],"_links":{"self":[{"href":"https:\/\/sexshopzagues.com.mx\/tienda\/index.php?rest_route=\/wp\/v2\/product\/2762"}],"collection":[{"href":"https:\/\/sexshopzagues.com.mx\/tienda\/index.php?rest_route=\/wp\/v2\/product"}],"about":[{"href":"https:\/\/sexshopzagues.com.mx\/tienda\/index.php?rest_route=\/wp\/v2\/types\/product"}],"replies":[{"embeddable":true,"href":"https:\/\/sexshopzagues.com.mx\/tienda\/index.php?rest_route=%2Fwp%2Fv2%2Fcomments&post=2762"}],"wp:featuredmedia":[{"embeddable":true,"href":"https:\/\/sexshopzagues.com.mx\/tienda\/index.php?rest_route=\/wp\/v2\/media\/2763"}],"wp:attachment":[{"href":"https:\/\/sexshopzagues.com.mx\/tienda\/index.php?rest_route=%2Fwp%2Fv2%2Fmedia&parent=2762"}],"wp:term":[{"taxonomy":"product_cat","embeddable":true,"href":"https:\/\/sexshopzagues.com.mx\/tienda\/index.php?rest_route=%2Fwp%2Fv2%2Fproduct_cat&post=2762"},{"taxonomy":"product_tag","embeddable":true,"href":"https:\/\/sexshopzagues.com.mx\/tienda\/index.php?rest_route=%2Fwp%2Fv2%2Fproduct_tag&post=2762"}],"curies":[{"name":"wp","href":"https:\/\/api.w.org\/{rel}","templated":true}]}}