{"id":2698,"date":"2016-09-14T03:04:35","date_gmt":"2016-09-14T03:04:35","guid":{"rendered":"http:\/\/sexshopzagues.com.mx\/tienda\/?post_type=product&#038;p=2698"},"modified":"2023-03-08T02:31:34","modified_gmt":"2023-03-08T02:31:34","slug":"basic-essentials-beaded-masturbator","status":"publish","type":"product","link":"https:\/\/sexshopzagues.com.mx\/tienda\/?product=basic-essentials-beaded-masturbator","title":{"rendered":"Basic Essentials ? &#8211; Beaded Masturbator?"},"content":{"rendered":"<p>Masturbador en forma de vagina, de material tipo gel muy suave, el\u00e1stico y resistente. Cuenta con 4 hileras de balines, que al penetrar proporcionar\u00e1n un intenso masaje al miembro, higi\u00e9nico y discreto. Medidas: 13 cm x 6 cm<\/p>\n","protected":false},"excerpt":{"rendered":"Masturbador con balines estimulantes","protected":false},"featured_media":2699,"comment_status":"open","ping_status":"closed","template":"","meta":[],"product_cat":[66],"product_tag":[75],"_links":{"self":[{"href":"https:\/\/sexshopzagues.com.mx\/tienda\/index.php?rest_route=\/wp\/v2\/product\/2698"}],"collection":[{"href":"https:\/\/sexshopzagues.com.mx\/tienda\/index.php?rest_route=\/wp\/v2\/product"}],"about":[{"href":"https:\/\/sexshopzagues.com.mx\/tienda\/index.php?rest_route=\/wp\/v2\/types\/product"}],"replies":[{"embeddable":true,"href":"https:\/\/sexshopzagues.com.mx\/tienda\/index.php?rest_route=%2Fwp%2Fv2%2Fcomments&post=2698"}],"wp:featuredmedia":[{"embeddable":true,"href":"https:\/\/sexshopzagues.com.mx\/tienda\/index.php?rest_route=\/wp\/v2\/media\/2699"}],"wp:attachment":[{"href":"https:\/\/sexshopzagues.com.mx\/tienda\/index.php?rest_route=%2Fwp%2Fv2%2Fmedia&parent=2698"}],"wp:term":[{"taxonomy":"product_cat","embeddable":true,"href":"https:\/\/sexshopzagues.com.mx\/tienda\/index.php?rest_route=%2Fwp%2Fv2%2Fproduct_cat&post=2698"},{"taxonomy":"product_tag","embeddable":true,"href":"https:\/\/sexshopzagues.com.mx\/tienda\/index.php?rest_route=%2Fwp%2Fv2%2Fproduct_tag&post=2698"}],"curies":[{"name":"wp","href":"https:\/\/api.w.org\/{rel}","templated":true}]}}