{"id":2622,"date":"2016-09-13T19:38:26","date_gmt":"2016-09-13T19:38:26","guid":{"rendered":"http:\/\/sexshopzagues.com.mx\/tienda\/?post_type=product&#038;p=2622"},"modified":"2023-03-08T02:32:40","modified_gmt":"2023-03-08T02:32:40","slug":"penis-pump-commander-erection-enhancer","status":"publish","type":"product","link":"https:\/\/sexshopzagues.com.mx\/tienda\/?product=penis-pump-commander-erection-enhancer","title":{"rendered":"Penis Pump Commander? Erection Enhancer"},"content":{"rendered":"<p>Anillo para utilizarse especialmente con bomba de vacio, se va ajustando conforme la erecci\u00f3n del miembro. Mejora erecci\u00f3n y retarda eyaculaci\u00f3n. Medidas: 8 cm x 4 cm<\/p>\n","protected":false},"excerpt":{"rendered":"Anillo especial para utilizarse con bomba de vac\u00edo.","protected":false},"featured_media":2623,"comment_status":"open","ping_status":"closed","template":"","meta":[],"product_cat":[62],"product_tag":[75],"_links":{"self":[{"href":"https:\/\/sexshopzagues.com.mx\/tienda\/index.php?rest_route=\/wp\/v2\/product\/2622"}],"collection":[{"href":"https:\/\/sexshopzagues.com.mx\/tienda\/index.php?rest_route=\/wp\/v2\/product"}],"about":[{"href":"https:\/\/sexshopzagues.com.mx\/tienda\/index.php?rest_route=\/wp\/v2\/types\/product"}],"replies":[{"embeddable":true,"href":"https:\/\/sexshopzagues.com.mx\/tienda\/index.php?rest_route=%2Fwp%2Fv2%2Fcomments&post=2622"}],"wp:featuredmedia":[{"embeddable":true,"href":"https:\/\/sexshopzagues.com.mx\/tienda\/index.php?rest_route=\/wp\/v2\/media\/2623"}],"wp:attachment":[{"href":"https:\/\/sexshopzagues.com.mx\/tienda\/index.php?rest_route=%2Fwp%2Fv2%2Fmedia&parent=2622"}],"wp:term":[{"taxonomy":"product_cat","embeddable":true,"href":"https:\/\/sexshopzagues.com.mx\/tienda\/index.php?rest_route=%2Fwp%2Fv2%2Fproduct_cat&post=2622"},{"taxonomy":"product_tag","embeddable":true,"href":"https:\/\/sexshopzagues.com.mx\/tienda\/index.php?rest_route=%2Fwp%2Fv2%2Fproduct_tag&post=2622"}],"curies":[{"name":"wp","href":"https:\/\/api.w.org\/{rel}","templated":true}]}}