{"id":2303,"date":"2016-09-09T23:09:02","date_gmt":"2016-09-09T23:09:02","guid":{"rendered":"http:\/\/sexshopzagues.com.mx\/tienda\/?post_type=product&#038;p=2303"},"modified":"2023-03-08T03:15:43","modified_gmt":"2023-03-08T03:15:43","slug":"mix-it-up-10-function-silicone-massagers-blue","status":"publish","type":"product","link":"https:\/\/sexshopzagues.com.mx\/tienda\/?product=mix-it-up-10-function-silicone-massagers-blue","title":{"rendered":"Mix it Up! ? &#8211; 10-Function Silicone Massagers Blue"},"content":{"rendered":"<p>Si lo que buscas es un vibrador ultra potente este es el indicado, curvatura para estimular punto g, material 100% silic\u00f3n, con 10 potentes intensidades de vibraci\u00f3n, pulsaci\u00f3n y escalas; ergon\u00f3mico. A prueba de agua. Medidas: 12 cm x 3.75 cm.<\/p>\n","protected":false},"excerpt":{"rendered":"Vibrador de 10 funciones, ergon\u00f3mico.","protected":false},"featured_media":2304,"comment_status":"open","ping_status":"closed","template":"","meta":[],"product_cat":[57],"product_tag":[96,75],"_links":{"self":[{"href":"https:\/\/sexshopzagues.com.mx\/tienda\/index.php?rest_route=\/wp\/v2\/product\/2303"}],"collection":[{"href":"https:\/\/sexshopzagues.com.mx\/tienda\/index.php?rest_route=\/wp\/v2\/product"}],"about":[{"href":"https:\/\/sexshopzagues.com.mx\/tienda\/index.php?rest_route=\/wp\/v2\/types\/product"}],"replies":[{"embeddable":true,"href":"https:\/\/sexshopzagues.com.mx\/tienda\/index.php?rest_route=%2Fwp%2Fv2%2Fcomments&post=2303"}],"wp:featuredmedia":[{"embeddable":true,"href":"https:\/\/sexshopzagues.com.mx\/tienda\/index.php?rest_route=\/wp\/v2\/media\/2304"}],"wp:attachment":[{"href":"https:\/\/sexshopzagues.com.mx\/tienda\/index.php?rest_route=%2Fwp%2Fv2%2Fmedia&parent=2303"}],"wp:term":[{"taxonomy":"product_cat","embeddable":true,"href":"https:\/\/sexshopzagues.com.mx\/tienda\/index.php?rest_route=%2Fwp%2Fv2%2Fproduct_cat&post=2303"},{"taxonomy":"product_tag","embeddable":true,"href":"https:\/\/sexshopzagues.com.mx\/tienda\/index.php?rest_route=%2Fwp%2Fv2%2Fproduct_tag&post=2303"}],"curies":[{"name":"wp","href":"https:\/\/api.w.org\/{rel}","templated":true}]}}