{"id":2296,"date":"2016-09-09T22:47:02","date_gmt":"2016-09-09T22:47:02","guid":{"rendered":"http:\/\/sexshopzagues.com.mx\/tienda\/?post_type=product&#038;p=2296"},"modified":"2023-03-08T03:16:07","modified_gmt":"2023-03-08T03:16:07","slug":"give-it-up-10-function-silicone-massagers-pink","status":"publish","type":"product","link":"https:\/\/sexshopzagues.com.mx\/tienda\/?product=give-it-up-10-function-silicone-massagers-pink","title":{"rendered":"Give it Up! ? &#8211; 10-Function Silicone Massagers Pink"},"content":{"rendered":"<p>Si lo que buscas es un vibrador ultra potente este es el indicado, curvatura para estimular punto g, material 100% silic\u00f3n, con 10 potentes intensidades de vibraci\u00f3n, pulsaci\u00f3n y escalas; super flexible. A prueba de agua. Medidas: 12 cm x 3.75 cm.<\/p>\n","protected":false},"excerpt":{"rendered":"Vibrador de 10 funciones, ergon\u00f3mico.","protected":false},"featured_media":2297,"comment_status":"open","ping_status":"closed","template":"","meta":[],"product_cat":[57],"product_tag":[96,75],"_links":{"self":[{"href":"https:\/\/sexshopzagues.com.mx\/tienda\/index.php?rest_route=\/wp\/v2\/product\/2296"}],"collection":[{"href":"https:\/\/sexshopzagues.com.mx\/tienda\/index.php?rest_route=\/wp\/v2\/product"}],"about":[{"href":"https:\/\/sexshopzagues.com.mx\/tienda\/index.php?rest_route=\/wp\/v2\/types\/product"}],"replies":[{"embeddable":true,"href":"https:\/\/sexshopzagues.com.mx\/tienda\/index.php?rest_route=%2Fwp%2Fv2%2Fcomments&post=2296"}],"wp:featuredmedia":[{"embeddable":true,"href":"https:\/\/sexshopzagues.com.mx\/tienda\/index.php?rest_route=\/wp\/v2\/media\/2297"}],"wp:attachment":[{"href":"https:\/\/sexshopzagues.com.mx\/tienda\/index.php?rest_route=%2Fwp%2Fv2%2Fmedia&parent=2296"}],"wp:term":[{"taxonomy":"product_cat","embeddable":true,"href":"https:\/\/sexshopzagues.com.mx\/tienda\/index.php?rest_route=%2Fwp%2Fv2%2Fproduct_cat&post=2296"},{"taxonomy":"product_tag","embeddable":true,"href":"https:\/\/sexshopzagues.com.mx\/tienda\/index.php?rest_route=%2Fwp%2Fv2%2Fproduct_tag&post=2296"}],"curies":[{"name":"wp","href":"https:\/\/api.w.org\/{rel}","templated":true}]}}