{"id":2173,"date":"2016-09-07T20:43:00","date_gmt":"2016-09-07T20:43:00","guid":{"rendered":"http:\/\/sexshopzagues.com.mx\/tienda\/?post_type=product&#038;p=2173"},"modified":"2021-09-07T06:56:05","modified_gmt":"2021-09-07T06:56:05","slug":"silicone-remote-rechargeable-curve","status":"publish","type":"product","link":"https:\/\/sexshopzagues.com.mx\/tienda\/?product=silicone-remote-rechargeable-curve","title":{"rendered":"Silicone Remote Rechargeable Curve?"},"content":{"rendered":"<p>Bala a control remoto, discreto, potente y con curvatura. \u00dasalo sola (o) o con tu pareja. Cuenta con 12 funciones de vibraci\u00f3n, pulsaci\u00f3n y escalas. F\u00e1cil de manipular, alcance de 10 metros, material hipoalerg\u00e9nico. Medidas: 7.5 cm x 3.25 cm<\/p>\n","protected":false},"excerpt":{"rendered":"Bala inal\u00e1mbrica curva, recargable, con 12 funciones.","protected":false},"featured_media":2174,"comment_status":"open","ping_status":"closed","template":"","meta":[],"product_cat":[72,57],"product_tag":[75],"_links":{"self":[{"href":"https:\/\/sexshopzagues.com.mx\/tienda\/index.php?rest_route=\/wp\/v2\/product\/2173"}],"collection":[{"href":"https:\/\/sexshopzagues.com.mx\/tienda\/index.php?rest_route=\/wp\/v2\/product"}],"about":[{"href":"https:\/\/sexshopzagues.com.mx\/tienda\/index.php?rest_route=\/wp\/v2\/types\/product"}],"replies":[{"embeddable":true,"href":"https:\/\/sexshopzagues.com.mx\/tienda\/index.php?rest_route=%2Fwp%2Fv2%2Fcomments&post=2173"}],"wp:featuredmedia":[{"embeddable":true,"href":"https:\/\/sexshopzagues.com.mx\/tienda\/index.php?rest_route=\/wp\/v2\/media\/2174"}],"wp:attachment":[{"href":"https:\/\/sexshopzagues.com.mx\/tienda\/index.php?rest_route=%2Fwp%2Fv2%2Fmedia&parent=2173"}],"wp:term":[{"taxonomy":"product_cat","embeddable":true,"href":"https:\/\/sexshopzagues.com.mx\/tienda\/index.php?rest_route=%2Fwp%2Fv2%2Fproduct_cat&post=2173"},{"taxonomy":"product_tag","embeddable":true,"href":"https:\/\/sexshopzagues.com.mx\/tienda\/index.php?rest_route=%2Fwp%2Fv2%2Fproduct_tag&post=2173"}],"curies":[{"name":"wp","href":"https:\/\/api.w.org\/{rel}","templated":true}]}}