{"id":2166,"date":"2016-09-07T20:38:57","date_gmt":"2016-09-07T20:38:57","guid":{"rendered":"http:\/\/sexshopzagues.com.mx\/tienda\/?post_type=product&#038;p=2166"},"modified":"2021-09-07T06:56:27","modified_gmt":"2021-09-07T06:56:27","slug":"silicone-remote-rechargeable-egg","status":"publish","type":"product","link":"https:\/\/sexshopzagues.com.mx\/tienda\/?product=silicone-remote-rechargeable-egg","title":{"rendered":"Silicone Remote Rechargeable Egg?"},"content":{"rendered":"<p><span id=\"fbPhotoSnowliftCaption\" class=\"fbPhotosPhotoCaption\" tabindex=\"0\" data-ft=\"{&quot;tn&quot;:&quot;K&quot;}\"><span class=\"hasCaption\">Bala a control remoto, discreto y potente. \u00dasalo sola (o) o con tu pareja. Cuenta con 12 funciones de vibraci\u00f3n, pulsaci\u00f3n y escalas. F\u00e1cil de manipular, alcance de 10 metros, material hipoalerg\u00e9nico. Producto recargable. 7 cm x 3.25 cm<\/span><\/span><\/p>\n","protected":false},"excerpt":{"rendered":"Bala inal\u00e1mbrica recargable con 12 funciones.","protected":false},"featured_media":2167,"comment_status":"open","ping_status":"closed","template":"","meta":[],"product_cat":[72,57],"product_tag":[75],"_links":{"self":[{"href":"https:\/\/sexshopzagues.com.mx\/tienda\/index.php?rest_route=\/wp\/v2\/product\/2166"}],"collection":[{"href":"https:\/\/sexshopzagues.com.mx\/tienda\/index.php?rest_route=\/wp\/v2\/product"}],"about":[{"href":"https:\/\/sexshopzagues.com.mx\/tienda\/index.php?rest_route=\/wp\/v2\/types\/product"}],"replies":[{"embeddable":true,"href":"https:\/\/sexshopzagues.com.mx\/tienda\/index.php?rest_route=%2Fwp%2Fv2%2Fcomments&post=2166"}],"wp:featuredmedia":[{"embeddable":true,"href":"https:\/\/sexshopzagues.com.mx\/tienda\/index.php?rest_route=\/wp\/v2\/media\/2167"}],"wp:attachment":[{"href":"https:\/\/sexshopzagues.com.mx\/tienda\/index.php?rest_route=%2Fwp%2Fv2%2Fmedia&parent=2166"}],"wp:term":[{"taxonomy":"product_cat","embeddable":true,"href":"https:\/\/sexshopzagues.com.mx\/tienda\/index.php?rest_route=%2Fwp%2Fv2%2Fproduct_cat&post=2166"},{"taxonomy":"product_tag","embeddable":true,"href":"https:\/\/sexshopzagues.com.mx\/tienda\/index.php?rest_route=%2Fwp%2Fv2%2Fproduct_tag&post=2166"}],"curies":[{"name":"wp","href":"https:\/\/api.w.org\/{rel}","templated":true}]}}