{"id":2159,"date":"2016-09-07T20:35:10","date_gmt":"2016-09-07T20:35:10","guid":{"rendered":"http:\/\/sexshopzagues.com.mx\/tienda\/?post_type=product&#038;p=2159"},"modified":"2021-09-07T06:56:54","modified_gmt":"2021-09-07T06:56:54","slug":"silicone-remote-ridged-g","status":"publish","type":"product","link":"https:\/\/sexshopzagues.com.mx\/tienda\/?product=silicone-remote-ridged-g","title":{"rendered":"Silicone Remote Ridged G?"},"content":{"rendered":"<p>Bala a control remoto, discreto, potente, texturizada y con curvatura. \u00dasalo sola (o) o con tu pareja. Cuenta con 12 funciones de vibraci\u00f3n, pulsaci\u00f3n y escalas. F\u00e1cil de manipular, alcance de 10 metros, material hipoalerg\u00e9nico.<\/p>\n","protected":false},"excerpt":{"rendered":"Bala a control remoto, curva, con 12 funciones.","protected":false},"featured_media":2160,"comment_status":"open","ping_status":"closed","template":"","meta":[],"product_cat":[72,57],"product_tag":[75],"_links":{"self":[{"href":"https:\/\/sexshopzagues.com.mx\/tienda\/index.php?rest_route=\/wp\/v2\/product\/2159"}],"collection":[{"href":"https:\/\/sexshopzagues.com.mx\/tienda\/index.php?rest_route=\/wp\/v2\/product"}],"about":[{"href":"https:\/\/sexshopzagues.com.mx\/tienda\/index.php?rest_route=\/wp\/v2\/types\/product"}],"replies":[{"embeddable":true,"href":"https:\/\/sexshopzagues.com.mx\/tienda\/index.php?rest_route=%2Fwp%2Fv2%2Fcomments&post=2159"}],"wp:featuredmedia":[{"embeddable":true,"href":"https:\/\/sexshopzagues.com.mx\/tienda\/index.php?rest_route=\/wp\/v2\/media\/2160"}],"wp:attachment":[{"href":"https:\/\/sexshopzagues.com.mx\/tienda\/index.php?rest_route=%2Fwp%2Fv2%2Fmedia&parent=2159"}],"wp:term":[{"taxonomy":"product_cat","embeddable":true,"href":"https:\/\/sexshopzagues.com.mx\/tienda\/index.php?rest_route=%2Fwp%2Fv2%2Fproduct_cat&post=2159"},{"taxonomy":"product_tag","embeddable":true,"href":"https:\/\/sexshopzagues.com.mx\/tienda\/index.php?rest_route=%2Fwp%2Fv2%2Fproduct_tag&post=2159"}],"curies":[{"name":"wp","href":"https:\/\/api.w.org\/{rel}","templated":true}]}}