{"id":2137,"date":"2019-09-07T19:39:32","date_gmt":"2019-09-07T19:39:32","guid":{"rendered":"http:\/\/sexshopzagues.com.mx\/tienda\/?post_type=product&#038;p=2137"},"modified":"2023-02-23T22:50:17","modified_gmt":"2023-02-23T22:50:17","slug":"whisper-micro-heated-bullets-purple","status":"publish","type":"product","link":"https:\/\/sexshopzagues.com.mx\/tienda\/?product=whisper-micro-heated-bullets-purple","title":{"rendered":"Whisper Micro-Heated Bullets Purple"},"content":{"rendered":"<p>Obtenga el Whisper Micro-Heated Bullet &#x2122; de 2 velocidades en negro para un masaje discreto y diversi\u00f3n en casa o fuera.\u00a0Este peque\u00f1o y pr\u00e1ctico masajeador es perfecto para masaje \u00edntimo, estimulaci\u00f3n o relajaci\u00f3n en cualquier momento y en cualquier lugar, adem\u00e1s viene con un motor silencioso para mantener tu tiempo de juego privado lo m\u00e1s discreto posible.\u00a0La micro bala est\u00e1 hecha con un acabado liso plateado de alta calidad;\u00a0es seguro de usar en su piel y se puede usar en cualquier parte del cuerpo, y es especialmente fant\u00e1stico para sus zonas er\u00f3genas y sus \u00e1reas m\u00e1s \u00edntimas.\u00a0Unido por un cable a un panel de control simple, puede controlar la funci\u00f3n de placer vibratorio con un solo bot\u00f3n.\u00a0La micro bala presenta una punta puntiaguda que se calienta con las potentes vibraciones.\u00a0El reconfortante,<\/p>\n<p>Medidas de la bala: 3 cm x 1 cm.<\/p>\n","protected":false},"excerpt":{"rendered":"Micro Bala.","protected":false},"featured_media":12075,"comment_status":"open","ping_status":"closed","template":"","meta":[],"product_cat":[158,72,57],"product_tag":[161,75,83],"_links":{"self":[{"href":"https:\/\/sexshopzagues.com.mx\/tienda\/index.php?rest_route=\/wp\/v2\/product\/2137"}],"collection":[{"href":"https:\/\/sexshopzagues.com.mx\/tienda\/index.php?rest_route=\/wp\/v2\/product"}],"about":[{"href":"https:\/\/sexshopzagues.com.mx\/tienda\/index.php?rest_route=\/wp\/v2\/types\/product"}],"replies":[{"embeddable":true,"href":"https:\/\/sexshopzagues.com.mx\/tienda\/index.php?rest_route=%2Fwp%2Fv2%2Fcomments&post=2137"}],"wp:featuredmedia":[{"embeddable":true,"href":"https:\/\/sexshopzagues.com.mx\/tienda\/index.php?rest_route=\/wp\/v2\/media\/12075"}],"wp:attachment":[{"href":"https:\/\/sexshopzagues.com.mx\/tienda\/index.php?rest_route=%2Fwp%2Fv2%2Fmedia&parent=2137"}],"wp:term":[{"taxonomy":"product_cat","embeddable":true,"href":"https:\/\/sexshopzagues.com.mx\/tienda\/index.php?rest_route=%2Fwp%2Fv2%2Fproduct_cat&post=2137"},{"taxonomy":"product_tag","embeddable":true,"href":"https:\/\/sexshopzagues.com.mx\/tienda\/index.php?rest_route=%2Fwp%2Fv2%2Fproduct_tag&post=2137"}],"curies":[{"name":"wp","href":"https:\/\/api.w.org\/{rel}","templated":true}]}}