{"id":1986,"date":"2016-09-06T21:17:55","date_gmt":"2016-09-06T21:17:55","guid":{"rendered":"http:\/\/sexshopzagues.com.mx\/tienda\/?post_type=product&#038;p=1986"},"modified":"2021-09-07T07:08:26","modified_gmt":"2021-09-07T07:08:26","slug":"maximus-enlargement-cream-bulk","status":"publish","type":"product","link":"https:\/\/sexshopzagues.com.mx\/tienda\/?product=maximus-enlargement-cream-bulk","title":{"rendered":"Maximus Enlargement Cream Bulk"},"content":{"rendered":"<p>El tama\u00f1o puede o no tener importancia, pero un pene m\u00e1s grueso es el sue\u00f1o de todo hombre y el deseo de cada pareja. S\u00f3lo tienes que aplicar la crema sobre todo tu pene y esperar 5min. a que haga efecto, mejora tambien la erecci\u00f3n. F\u00f3rmula homeop\u00e1tica, a base de hierbas.<\/p>\n","protected":false},"excerpt":{"rendered":"Crema auxiliar para la erecci\u00f3n y alargar.","protected":false},"featured_media":1987,"comment_status":"open","ping_status":"closed","template":"","meta":[],"product_cat":[70],"product_tag":[75,187],"_links":{"self":[{"href":"https:\/\/sexshopzagues.com.mx\/tienda\/index.php?rest_route=\/wp\/v2\/product\/1986"}],"collection":[{"href":"https:\/\/sexshopzagues.com.mx\/tienda\/index.php?rest_route=\/wp\/v2\/product"}],"about":[{"href":"https:\/\/sexshopzagues.com.mx\/tienda\/index.php?rest_route=\/wp\/v2\/types\/product"}],"replies":[{"embeddable":true,"href":"https:\/\/sexshopzagues.com.mx\/tienda\/index.php?rest_route=%2Fwp%2Fv2%2Fcomments&post=1986"}],"wp:featuredmedia":[{"embeddable":true,"href":"https:\/\/sexshopzagues.com.mx\/tienda\/index.php?rest_route=\/wp\/v2\/media\/1987"}],"wp:attachment":[{"href":"https:\/\/sexshopzagues.com.mx\/tienda\/index.php?rest_route=%2Fwp%2Fv2%2Fmedia&parent=1986"}],"wp:term":[{"taxonomy":"product_cat","embeddable":true,"href":"https:\/\/sexshopzagues.com.mx\/tienda\/index.php?rest_route=%2Fwp%2Fv2%2Fproduct_cat&post=1986"},{"taxonomy":"product_tag","embeddable":true,"href":"https:\/\/sexshopzagues.com.mx\/tienda\/index.php?rest_route=%2Fwp%2Fv2%2Fproduct_tag&post=1986"}],"curies":[{"name":"wp","href":"https:\/\/api.w.org\/{rel}","templated":true}]}}