{"id":1936,"date":"2016-09-06T19:46:19","date_gmt":"2016-09-06T19:46:19","guid":{"rendered":"http:\/\/sexshopzagues.com.mx\/tienda\/?post_type=product&#038;p=1936"},"modified":"2021-09-07T21:09:49","modified_gmt":"2021-09-07T21:09:49","slug":"stud-extenders-with-support-ring-clear","status":"publish","type":"product","link":"https:\/\/sexshopzagues.com.mx\/tienda\/?product=stud-extenders-with-support-ring-clear","title":{"rendered":"Stud ? Extenders With Support Ring? Clear"},"content":{"rendered":"<p>Excelente funda que simular el pene m\u00e1s largo y grueso, con extensi\u00f3n de 3cm, conoce su fabulosa textura de n\u00f3dulos, los cuales dar\u00e1n un placentero masaje a paredes vaginales. Cuenta con un anillo para sujetarse de test\u00edculos. De material suave y el\u00e1stico.<\/p>\n","protected":false},"excerpt":{"rendered":"Funda texturizada, con anillo.","protected":false},"featured_media":1937,"comment_status":"open","ping_status":"closed","template":"","meta":[],"product_cat":[69],"product_tag":[75],"_links":{"self":[{"href":"https:\/\/sexshopzagues.com.mx\/tienda\/index.php?rest_route=\/wp\/v2\/product\/1936"}],"collection":[{"href":"https:\/\/sexshopzagues.com.mx\/tienda\/index.php?rest_route=\/wp\/v2\/product"}],"about":[{"href":"https:\/\/sexshopzagues.com.mx\/tienda\/index.php?rest_route=\/wp\/v2\/types\/product"}],"replies":[{"embeddable":true,"href":"https:\/\/sexshopzagues.com.mx\/tienda\/index.php?rest_route=%2Fwp%2Fv2%2Fcomments&post=1936"}],"wp:featuredmedia":[{"embeddable":true,"href":"https:\/\/sexshopzagues.com.mx\/tienda\/index.php?rest_route=\/wp\/v2\/media\/1937"}],"wp:attachment":[{"href":"https:\/\/sexshopzagues.com.mx\/tienda\/index.php?rest_route=%2Fwp%2Fv2%2Fmedia&parent=1936"}],"wp:term":[{"taxonomy":"product_cat","embeddable":true,"href":"https:\/\/sexshopzagues.com.mx\/tienda\/index.php?rest_route=%2Fwp%2Fv2%2Fproduct_cat&post=1936"},{"taxonomy":"product_tag","embeddable":true,"href":"https:\/\/sexshopzagues.com.mx\/tienda\/index.php?rest_route=%2Fwp%2Fv2%2Fproduct_tag&post=1936"}],"curies":[{"name":"wp","href":"https:\/\/api.w.org\/{rel}","templated":true}]}}