{"id":1932,"date":"2016-09-06T18:20:00","date_gmt":"2016-09-06T18:20:00","guid":{"rendered":"http:\/\/sexshopzagues.com.mx\/tienda\/?post_type=product&#038;p=1932"},"modified":"2021-09-07T21:10:51","modified_gmt":"2021-09-07T21:10:51","slug":"adonis-extension-smoke","status":"publish","type":"product","link":"https:\/\/sexshopzagues.com.mx\/tienda\/?product=adonis-extension-smoke","title":{"rendered":"Adonis? Extension &#8211; Smoke"},"content":{"rendered":"<p>Lo \u00faltimo en fundas, simula el pene m\u00e1s largo y grueso con este incre\u00edble producto. Con extensi\u00f3n de 5cm, ultra texturizada, con n\u00f3dulos, ribetes y picos, el glande viene bien definido. Adem\u00e1s viene con textura interna para tambi\u00e9n estimular el pene. De material super suave y flexible, no encontrar\u00e1s nada igual!<\/p>\n","protected":false},"excerpt":{"rendered":"Extensi\u00f3n texturizada","protected":false},"featured_media":1933,"comment_status":"open","ping_status":"closed","template":"","meta":[],"product_cat":[69],"product_tag":[75],"_links":{"self":[{"href":"https:\/\/sexshopzagues.com.mx\/tienda\/index.php?rest_route=\/wp\/v2\/product\/1932"}],"collection":[{"href":"https:\/\/sexshopzagues.com.mx\/tienda\/index.php?rest_route=\/wp\/v2\/product"}],"about":[{"href":"https:\/\/sexshopzagues.com.mx\/tienda\/index.php?rest_route=\/wp\/v2\/types\/product"}],"replies":[{"embeddable":true,"href":"https:\/\/sexshopzagues.com.mx\/tienda\/index.php?rest_route=%2Fwp%2Fv2%2Fcomments&post=1932"}],"wp:featuredmedia":[{"embeddable":true,"href":"https:\/\/sexshopzagues.com.mx\/tienda\/index.php?rest_route=\/wp\/v2\/media\/1933"}],"wp:attachment":[{"href":"https:\/\/sexshopzagues.com.mx\/tienda\/index.php?rest_route=%2Fwp%2Fv2%2Fmedia&parent=1932"}],"wp:term":[{"taxonomy":"product_cat","embeddable":true,"href":"https:\/\/sexshopzagues.com.mx\/tienda\/index.php?rest_route=%2Fwp%2Fv2%2Fproduct_cat&post=1932"},{"taxonomy":"product_tag","embeddable":true,"href":"https:\/\/sexshopzagues.com.mx\/tienda\/index.php?rest_route=%2Fwp%2Fv2%2Fproduct_tag&post=1932"}],"curies":[{"name":"wp","href":"https:\/\/api.w.org\/{rel}","templated":true}]}}