{"id":1849,"date":"2016-09-06T14:35:42","date_gmt":"2016-09-06T14:35:42","guid":{"rendered":"http:\/\/sexshopzagues.com.mx\/tienda\/?post_type=product&#038;p=1849"},"modified":"2021-09-07T21:19:01","modified_gmt":"2021-09-07T21:19:01","slug":"latex-extension-nubby-cock-heads","status":"publish","type":"product","link":"https:\/\/sexshopzagues.com.mx\/tienda\/?product=latex-extension-nubby-cock-heads","title":{"rendered":"Latex Extension &#8211; Nubby Cock Heads"},"content":{"rendered":"<p>Funda de l\u00e1tex con extensi\u00f3n de 3&#8243; (8cm), suave, textura que no es molesta. Con la comodidad de un cond\u00f3n, puedes desenrollar y enrollar para hacer m\u00e1s pr\u00e1ctico y c\u00f3modo su uso y utilizarla las veces que quieras.<\/p>\n","protected":false},"excerpt":{"rendered":"Extensi\u00f3n de 3&#8243;","protected":false},"featured_media":1850,"comment_status":"open","ping_status":"closed","template":"","meta":[],"product_cat":[69],"product_tag":[75],"_links":{"self":[{"href":"https:\/\/sexshopzagues.com.mx\/tienda\/index.php?rest_route=\/wp\/v2\/product\/1849"}],"collection":[{"href":"https:\/\/sexshopzagues.com.mx\/tienda\/index.php?rest_route=\/wp\/v2\/product"}],"about":[{"href":"https:\/\/sexshopzagues.com.mx\/tienda\/index.php?rest_route=\/wp\/v2\/types\/product"}],"replies":[{"embeddable":true,"href":"https:\/\/sexshopzagues.com.mx\/tienda\/index.php?rest_route=%2Fwp%2Fv2%2Fcomments&post=1849"}],"wp:featuredmedia":[{"embeddable":true,"href":"https:\/\/sexshopzagues.com.mx\/tienda\/index.php?rest_route=\/wp\/v2\/media\/1850"}],"wp:attachment":[{"href":"https:\/\/sexshopzagues.com.mx\/tienda\/index.php?rest_route=%2Fwp%2Fv2%2Fmedia&parent=1849"}],"wp:term":[{"taxonomy":"product_cat","embeddable":true,"href":"https:\/\/sexshopzagues.com.mx\/tienda\/index.php?rest_route=%2Fwp%2Fv2%2Fproduct_cat&post=1849"},{"taxonomy":"product_tag","embeddable":true,"href":"https:\/\/sexshopzagues.com.mx\/tienda\/index.php?rest_route=%2Fwp%2Fv2%2Fproduct_tag&post=1849"}],"curies":[{"name":"wp","href":"https:\/\/api.w.org\/{rel}","templated":true}]}}