{"id":1844,"date":"2016-09-06T14:30:44","date_gmt":"2016-09-06T14:30:44","guid":{"rendered":"http:\/\/sexshopzagues.com.mx\/tienda\/?post_type=product&#038;p=1844"},"modified":"2021-09-07T21:19:26","modified_gmt":"2021-09-07T21:19:26","slug":"latex-extension-ivory-4","status":"publish","type":"product","link":"https:\/\/sexshopzagues.com.mx\/tienda\/?product=latex-extension-ivory-4","title":{"rendered":"Latex Extension &#8211; Ivory 4&#8243;"},"content":{"rendered":"<p>Funda de l\u00e1tex con extensi\u00f3n de 4&#8243; (10cm), suave, textura que no es molesta. Con la comodidad de un cond\u00f3n, puedes desenrollar y enrollar para hacer m\u00e1s pr\u00e1ctico y c\u00f3modo su uso y utilizarla las veces que quieras. Medidas: 10cm x 4cm.<\/p>\n","protected":false},"excerpt":{"rendered":"Extensi\u00f3n de 4&#8243;","protected":false},"featured_media":1845,"comment_status":"open","ping_status":"closed","template":"","meta":[],"product_cat":[69],"product_tag":[75],"_links":{"self":[{"href":"https:\/\/sexshopzagues.com.mx\/tienda\/index.php?rest_route=\/wp\/v2\/product\/1844"}],"collection":[{"href":"https:\/\/sexshopzagues.com.mx\/tienda\/index.php?rest_route=\/wp\/v2\/product"}],"about":[{"href":"https:\/\/sexshopzagues.com.mx\/tienda\/index.php?rest_route=\/wp\/v2\/types\/product"}],"replies":[{"embeddable":true,"href":"https:\/\/sexshopzagues.com.mx\/tienda\/index.php?rest_route=%2Fwp%2Fv2%2Fcomments&post=1844"}],"wp:featuredmedia":[{"embeddable":true,"href":"https:\/\/sexshopzagues.com.mx\/tienda\/index.php?rest_route=\/wp\/v2\/media\/1845"}],"wp:attachment":[{"href":"https:\/\/sexshopzagues.com.mx\/tienda\/index.php?rest_route=%2Fwp%2Fv2%2Fmedia&parent=1844"}],"wp:term":[{"taxonomy":"product_cat","embeddable":true,"href":"https:\/\/sexshopzagues.com.mx\/tienda\/index.php?rest_route=%2Fwp%2Fv2%2Fproduct_cat&post=1844"},{"taxonomy":"product_tag","embeddable":true,"href":"https:\/\/sexshopzagues.com.mx\/tienda\/index.php?rest_route=%2Fwp%2Fv2%2Fproduct_tag&post=1844"}],"curies":[{"name":"wp","href":"https:\/\/api.w.org\/{rel}","templated":true}]}}