{"id":1752,"date":"2016-09-05T23:32:13","date_gmt":"2016-09-05T23:32:13","guid":{"rendered":"http:\/\/sexshopzagues.com.mx\/tienda\/?post_type=product&#038;p=1752"},"modified":"2017-07-26T18:23:38","modified_gmt":"2017-07-26T18:23:38","slug":"stamina-pumps-red","status":"publish","type":"product","link":"https:\/\/sexshopzagues.com.mx\/tienda\/?product=stamina-pumps-red","title":{"rendered":"Stamina Pumps? Red"},"content":{"rendered":"<p>Esta bomba esta desarrollada para producir los m\u00e1ximos resultados, es de material PVC. Es la mejor elecci\u00f3n para la ampliaci\u00f3n del pene al instante. Tiene una v\u00e1lvula de liberaci\u00f3n r\u00e1pida para aliviar la presi\u00f3n con la pulsaci\u00f3n de un bot\u00f3n. Tubo graduado, funda de silic\u00f3n resistente.<\/p>\n","protected":false},"excerpt":{"rendered":"Bomba de vac\u00edo","protected":false},"featured_media":1753,"comment_status":"open","ping_status":"closed","template":"","meta":[],"product_cat":[60],"product_tag":[75],"_links":{"self":[{"href":"https:\/\/sexshopzagues.com.mx\/tienda\/index.php?rest_route=\/wp\/v2\/product\/1752"}],"collection":[{"href":"https:\/\/sexshopzagues.com.mx\/tienda\/index.php?rest_route=\/wp\/v2\/product"}],"about":[{"href":"https:\/\/sexshopzagues.com.mx\/tienda\/index.php?rest_route=\/wp\/v2\/types\/product"}],"replies":[{"embeddable":true,"href":"https:\/\/sexshopzagues.com.mx\/tienda\/index.php?rest_route=%2Fwp%2Fv2%2Fcomments&post=1752"}],"wp:featuredmedia":[{"embeddable":true,"href":"https:\/\/sexshopzagues.com.mx\/tienda\/index.php?rest_route=\/wp\/v2\/media\/1753"}],"wp:attachment":[{"href":"https:\/\/sexshopzagues.com.mx\/tienda\/index.php?rest_route=%2Fwp%2Fv2%2Fmedia&parent=1752"}],"wp:term":[{"taxonomy":"product_cat","embeddable":true,"href":"https:\/\/sexshopzagues.com.mx\/tienda\/index.php?rest_route=%2Fwp%2Fv2%2Fproduct_cat&post=1752"},{"taxonomy":"product_tag","embeddable":true,"href":"https:\/\/sexshopzagues.com.mx\/tienda\/index.php?rest_route=%2Fwp%2Fv2%2Fproduct_tag&post=1752"}],"curies":[{"name":"wp","href":"https:\/\/api.w.org\/{rel}","templated":true}]}}