{"id":1622,"date":"2016-09-05T19:17:38","date_gmt":"2016-09-05T19:17:38","guid":{"rendered":"http:\/\/sexshopzagues.com.mx\/tienda\/?post_type=product&#038;p=1622"},"modified":"2017-07-26T18:23:15","modified_gmt":"2017-07-26T18:23:15","slug":"first-time-power-flickers","status":"publish","type":"product","link":"https:\/\/sexshopzagues.com.mx\/tienda\/?product=first-time-power-flickers","title":{"rendered":"First Time? Power Flickers"},"content":{"rendered":"<p>Vibrador ideal para las primeras experiencias, mas delgado y texturizado en la punta, siendo esta super suave y flexible, favorece la estimulaci\u00f3n del punto g, 2 velocidades de vibraci\u00f3n manipuladas por bot\u00f3n. A prueba de agua, material suave.<\/p>\n","protected":false},"excerpt":{"rendered":"Vibrador con punta texturizada, suave y flexible.","protected":false},"featured_media":1623,"comment_status":"open","ping_status":"closed","template":"","meta":[],"product_cat":[57],"product_tag":[75],"_links":{"self":[{"href":"https:\/\/sexshopzagues.com.mx\/tienda\/index.php?rest_route=\/wp\/v2\/product\/1622"}],"collection":[{"href":"https:\/\/sexshopzagues.com.mx\/tienda\/index.php?rest_route=\/wp\/v2\/product"}],"about":[{"href":"https:\/\/sexshopzagues.com.mx\/tienda\/index.php?rest_route=\/wp\/v2\/types\/product"}],"replies":[{"embeddable":true,"href":"https:\/\/sexshopzagues.com.mx\/tienda\/index.php?rest_route=%2Fwp%2Fv2%2Fcomments&post=1622"}],"wp:featuredmedia":[{"embeddable":true,"href":"https:\/\/sexshopzagues.com.mx\/tienda\/index.php?rest_route=\/wp\/v2\/media\/1623"}],"wp:attachment":[{"href":"https:\/\/sexshopzagues.com.mx\/tienda\/index.php?rest_route=%2Fwp%2Fv2%2Fmedia&parent=1622"}],"wp:term":[{"taxonomy":"product_cat","embeddable":true,"href":"https:\/\/sexshopzagues.com.mx\/tienda\/index.php?rest_route=%2Fwp%2Fv2%2Fproduct_cat&post=1622"},{"taxonomy":"product_tag","embeddable":true,"href":"https:\/\/sexshopzagues.com.mx\/tienda\/index.php?rest_route=%2Fwp%2Fv2%2Fproduct_tag&post=1622"}],"curies":[{"name":"wp","href":"https:\/\/api.w.org\/{rel}","templated":true}]}}