{"id":1594,"date":"2016-09-05T18:48:09","date_gmt":"2016-09-05T18:48:09","guid":{"rendered":"http:\/\/sexshopzagues.com.mx\/tienda\/?post_type=product&#038;p=1594"},"modified":"2021-09-07T21:40:24","modified_gmt":"2021-09-07T21:40:24","slug":"first-time-love-balls-duo-lovers-pink","status":"publish","type":"product","link":"https:\/\/sexshopzagues.com.mx\/tienda\/?product=first-time-love-balls-duo-lovers-pink","title":{"rendered":"First Time? Love Balls Duo Lovers Pink"},"content":{"rendered":"<p>Bolas chinas vaginales, estimula y adem\u00e1s ejercita los m\u00fasculos p\u00e9lvicos. Cuentan con bola de contrapeso en el interior, para sensaci\u00f3n de vibraci\u00f3n generada por el movimiento, cord\u00f3n para f\u00e1cil extracci\u00f3n. Acabado sedoso gracias a su capa de silic\u00f3n. Medidas: 3.25 cm (cada bola).<\/p>\n","protected":false},"excerpt":{"rendered":"Bolas vaginales.","protected":false},"featured_media":1595,"comment_status":"open","ping_status":"closed","template":"","meta":[],"product_cat":[53],"product_tag":[75],"_links":{"self":[{"href":"https:\/\/sexshopzagues.com.mx\/tienda\/index.php?rest_route=\/wp\/v2\/product\/1594"}],"collection":[{"href":"https:\/\/sexshopzagues.com.mx\/tienda\/index.php?rest_route=\/wp\/v2\/product"}],"about":[{"href":"https:\/\/sexshopzagues.com.mx\/tienda\/index.php?rest_route=\/wp\/v2\/types\/product"}],"replies":[{"embeddable":true,"href":"https:\/\/sexshopzagues.com.mx\/tienda\/index.php?rest_route=%2Fwp%2Fv2%2Fcomments&post=1594"}],"wp:featuredmedia":[{"embeddable":true,"href":"https:\/\/sexshopzagues.com.mx\/tienda\/index.php?rest_route=\/wp\/v2\/media\/1595"}],"wp:attachment":[{"href":"https:\/\/sexshopzagues.com.mx\/tienda\/index.php?rest_route=%2Fwp%2Fv2%2Fmedia&parent=1594"}],"wp:term":[{"taxonomy":"product_cat","embeddable":true,"href":"https:\/\/sexshopzagues.com.mx\/tienda\/index.php?rest_route=%2Fwp%2Fv2%2Fproduct_cat&post=1594"},{"taxonomy":"product_tag","embeddable":true,"href":"https:\/\/sexshopzagues.com.mx\/tienda\/index.php?rest_route=%2Fwp%2Fv2%2Fproduct_tag&post=1594"}],"curies":[{"name":"wp","href":"https:\/\/api.w.org\/{rel}","templated":true}]}}