{"id":1511,"date":"2016-09-03T22:43:10","date_gmt":"2016-09-03T22:43:10","guid":{"rendered":"http:\/\/sexshopzagues.com.mx\/tienda\/?post_type=product&#038;p=1511"},"modified":"2021-09-07T21:45:00","modified_gmt":"2021-09-07T21:45:00","slug":"precious-metal-jewels-the-duchess-purple","status":"publish","type":"product","link":"https:\/\/sexshopzagues.com.mx\/tienda\/?product=precious-metal-jewels-the-duchess-purple","title":{"rendered":"Precious Metal? Jewels The Duchess? Purple"},"content":{"rendered":"<p>Innovador dise\u00f1o que permite localizar mucho m\u00e1s f\u00e1cil el punto g, eje rotatorio con 5 velocidades; estimulador de cl\u00edtoris con 5 intensidades de vibraci\u00f3n, pulsaci\u00f3n y escalas, material suave. Control con acabado met\u00e1lico. A prueba de agua. Medidas: 9 cm x 3.25 cm (eje)\/3.75 cm x 2.5 cm (estimulador).<\/p>\n","protected":false},"excerpt":{"rendered":"Vibrador con rotaci\u00f3n","protected":false},"featured_media":1512,"comment_status":"open","ping_status":"closed","template":"","meta":[],"product_cat":[57],"product_tag":[96,75,94,91,90],"_links":{"self":[{"href":"https:\/\/sexshopzagues.com.mx\/tienda\/index.php?rest_route=\/wp\/v2\/product\/1511"}],"collection":[{"href":"https:\/\/sexshopzagues.com.mx\/tienda\/index.php?rest_route=\/wp\/v2\/product"}],"about":[{"href":"https:\/\/sexshopzagues.com.mx\/tienda\/index.php?rest_route=\/wp\/v2\/types\/product"}],"replies":[{"embeddable":true,"href":"https:\/\/sexshopzagues.com.mx\/tienda\/index.php?rest_route=%2Fwp%2Fv2%2Fcomments&post=1511"}],"wp:featuredmedia":[{"embeddable":true,"href":"https:\/\/sexshopzagues.com.mx\/tienda\/index.php?rest_route=\/wp\/v2\/media\/1512"}],"wp:attachment":[{"href":"https:\/\/sexshopzagues.com.mx\/tienda\/index.php?rest_route=%2Fwp%2Fv2%2Fmedia&parent=1511"}],"wp:term":[{"taxonomy":"product_cat","embeddable":true,"href":"https:\/\/sexshopzagues.com.mx\/tienda\/index.php?rest_route=%2Fwp%2Fv2%2Fproduct_cat&post=1511"},{"taxonomy":"product_tag","embeddable":true,"href":"https:\/\/sexshopzagues.com.mx\/tienda\/index.php?rest_route=%2Fwp%2Fv2%2Fproduct_tag&post=1511"}],"curies":[{"name":"wp","href":"https:\/\/api.w.org\/{rel}","templated":true}]}}