{"id":1476,"date":"2016-09-03T19:02:47","date_gmt":"2016-09-03T19:02:47","guid":{"rendered":"http:\/\/sexshopzagues.com.mx\/tienda\/?post_type=product&#038;p=1476"},"modified":"2021-09-07T21:49:53","modified_gmt":"2021-09-07T21:49:53","slug":"shanes-world-co-ed-bunny-g","status":"publish","type":"product","link":"https:\/\/sexshopzagues.com.mx\/tienda\/?product=shanes-world-co-ed-bunny-g","title":{"rendered":"Shane?s World ? Co-Ed Bunny? &#8211; &#8220;G&#8221;"},"content":{"rendered":"<p>Vibrador para punto g de material suave, con 4 filas de perlas que rotan sincronizadamente para una sensaci\u00f3n intensa en paredes vaginales, estas cuentan con 4 velocidades de rotaci\u00f3n; conejo con 2 velocidades de vibraci\u00f3n, los botones de mando brillan en la oscuridad. Controles con acabado siliconizado, a prueba de agua. Medidas:11 cm x 3 cm (eje)\/ 8 cm x 3 cm (conejo)<\/p>\n","protected":false},"excerpt":{"rendered":"Vibrador para punto g con rotaci\u00f3n","protected":false},"featured_media":1477,"comment_status":"open","ping_status":"closed","template":"","meta":[],"product_cat":[73,57],"product_tag":[96,75,94,86,90],"_links":{"self":[{"href":"https:\/\/sexshopzagues.com.mx\/tienda\/index.php?rest_route=\/wp\/v2\/product\/1476"}],"collection":[{"href":"https:\/\/sexshopzagues.com.mx\/tienda\/index.php?rest_route=\/wp\/v2\/product"}],"about":[{"href":"https:\/\/sexshopzagues.com.mx\/tienda\/index.php?rest_route=\/wp\/v2\/types\/product"}],"replies":[{"embeddable":true,"href":"https:\/\/sexshopzagues.com.mx\/tienda\/index.php?rest_route=%2Fwp%2Fv2%2Fcomments&post=1476"}],"wp:featuredmedia":[{"embeddable":true,"href":"https:\/\/sexshopzagues.com.mx\/tienda\/index.php?rest_route=\/wp\/v2\/media\/1477"}],"wp:attachment":[{"href":"https:\/\/sexshopzagues.com.mx\/tienda\/index.php?rest_route=%2Fwp%2Fv2%2Fmedia&parent=1476"}],"wp:term":[{"taxonomy":"product_cat","embeddable":true,"href":"https:\/\/sexshopzagues.com.mx\/tienda\/index.php?rest_route=%2Fwp%2Fv2%2Fproduct_cat&post=1476"},{"taxonomy":"product_tag","embeddable":true,"href":"https:\/\/sexshopzagues.com.mx\/tienda\/index.php?rest_route=%2Fwp%2Fv2%2Fproduct_tag&post=1476"}],"curies":[{"name":"wp","href":"https:\/\/api.w.org\/{rel}","templated":true}]}}