{"id":1458,"date":"2016-09-03T18:45:57","date_gmt":"2016-09-03T18:45:57","guid":{"rendered":"http:\/\/sexshopzagues.com.mx\/tienda\/?post_type=product&#038;p=1458"},"modified":"2021-09-07T21:50:10","modified_gmt":"2021-09-07T21:50:10","slug":"rechargeable-g-jack-rabbit","status":"publish","type":"product","link":"https:\/\/sexshopzagues.com.mx\/tienda\/?product=rechargeable-g-jack-rabbit","title":{"rendered":"Rechargeable G Jack Rabbit"},"content":{"rendered":"<p>Sofisticado vibrador 100% de silic\u00f3n, material hipoalerg\u00e9nico, curva perfecta para la estimulaci\u00f3n de punto g, cuenta con 2 poderosos motores uno para eje y otro para estimulador de cl\u00edtoris, 10 intensas velocidades de vibraci\u00f3n, pulsaci\u00f3n y escalas, control independiente para cada motor. Dile adi\u00f3s a las pilas pues este es un juguete recargable, contiene cargador USB. A prueba de agua. Medidas: 10.25cmx 3.25cm (sin contar la parte del control)<\/p>\n","protected":false},"excerpt":{"rendered":"Vibrador recargable de 10 funciones.","protected":false},"featured_media":1459,"comment_status":"open","ping_status":"closed","template":"","meta":[],"product_cat":[73,57],"product_tag":[75,94,91,92,86,93],"_links":{"self":[{"href":"https:\/\/sexshopzagues.com.mx\/tienda\/index.php?rest_route=\/wp\/v2\/product\/1458"}],"collection":[{"href":"https:\/\/sexshopzagues.com.mx\/tienda\/index.php?rest_route=\/wp\/v2\/product"}],"about":[{"href":"https:\/\/sexshopzagues.com.mx\/tienda\/index.php?rest_route=\/wp\/v2\/types\/product"}],"replies":[{"embeddable":true,"href":"https:\/\/sexshopzagues.com.mx\/tienda\/index.php?rest_route=%2Fwp%2Fv2%2Fcomments&post=1458"}],"wp:featuredmedia":[{"embeddable":true,"href":"https:\/\/sexshopzagues.com.mx\/tienda\/index.php?rest_route=\/wp\/v2\/media\/1459"}],"wp:attachment":[{"href":"https:\/\/sexshopzagues.com.mx\/tienda\/index.php?rest_route=%2Fwp%2Fv2%2Fmedia&parent=1458"}],"wp:term":[{"taxonomy":"product_cat","embeddable":true,"href":"https:\/\/sexshopzagues.com.mx\/tienda\/index.php?rest_route=%2Fwp%2Fv2%2Fproduct_cat&post=1458"},{"taxonomy":"product_tag","embeddable":true,"href":"https:\/\/sexshopzagues.com.mx\/tienda\/index.php?rest_route=%2Fwp%2Fv2%2Fproduct_tag&post=1458"}],"curies":[{"name":"wp","href":"https:\/\/api.w.org\/{rel}","templated":true}]}}