{"id":1354,"date":"2016-09-03T01:14:49","date_gmt":"2016-09-03T01:14:49","guid":{"rendered":"http:\/\/sexshopzagues.com.mx\/tienda\/?post_type=product&#038;p=1354"},"modified":"2021-09-07T21:55:46","modified_gmt":"2021-09-07T21:55:46","slug":"pipedream-extreme-bumpy-bitch","status":"publish","type":"product","link":"https:\/\/sexshopzagues.com.mx\/tienda\/?product=pipedream-extreme-bumpy-bitch","title":{"rendered":"Pipedream Extreme Bumpy Bitch"},"content":{"rendered":"<p>Masturbador que simula ano, canales texturizados para hacer m\u00e1s placentera la experiencia. En material Fanta Flesh, lo m\u00e1s similar a la piel, t\u00e9rmico, el\u00e1stico, resistente e higi\u00e9nico. Masturbador que permite ejercer presi\u00f3n con la mano, textura interna ultra estimulante.<\/p>\n","protected":false},"excerpt":{"rendered":"Ano material real\u00edsta","protected":false},"featured_media":1355,"comment_status":"open","ping_status":"closed","template":"","meta":[],"product_cat":[66],"product_tag":[82,76],"_links":{"self":[{"href":"https:\/\/sexshopzagues.com.mx\/tienda\/index.php?rest_route=\/wp\/v2\/product\/1354"}],"collection":[{"href":"https:\/\/sexshopzagues.com.mx\/tienda\/index.php?rest_route=\/wp\/v2\/product"}],"about":[{"href":"https:\/\/sexshopzagues.com.mx\/tienda\/index.php?rest_route=\/wp\/v2\/types\/product"}],"replies":[{"embeddable":true,"href":"https:\/\/sexshopzagues.com.mx\/tienda\/index.php?rest_route=%2Fwp%2Fv2%2Fcomments&post=1354"}],"wp:featuredmedia":[{"embeddable":true,"href":"https:\/\/sexshopzagues.com.mx\/tienda\/index.php?rest_route=\/wp\/v2\/media\/1355"}],"wp:attachment":[{"href":"https:\/\/sexshopzagues.com.mx\/tienda\/index.php?rest_route=%2Fwp%2Fv2%2Fmedia&parent=1354"}],"wp:term":[{"taxonomy":"product_cat","embeddable":true,"href":"https:\/\/sexshopzagues.com.mx\/tienda\/index.php?rest_route=%2Fwp%2Fv2%2Fproduct_cat&post=1354"},{"taxonomy":"product_tag","embeddable":true,"href":"https:\/\/sexshopzagues.com.mx\/tienda\/index.php?rest_route=%2Fwp%2Fv2%2Fproduct_tag&post=1354"}],"curies":[{"name":"wp","href":"https:\/\/api.w.org\/{rel}","templated":true}]}}