{"id":12881,"date":"2022-06-09T22:45:49","date_gmt":"2022-06-09T22:45:49","guid":{"rendered":"https:\/\/sexshopzagues.com.mx\/tienda\/?post_type=product&#038;p=12881"},"modified":"2023-02-23T22:14:46","modified_gmt":"2023-02-23T22:14:46","slug":"anillo-potenciador-double-trouble","status":"publish","type":"product","link":"https:\/\/sexshopzagues.com.mx\/tienda\/?product=anillo-potenciador-double-trouble","title":{"rendered":"Anillo Potenciador Double Trouble"},"content":{"rendered":"<hr \/>\n<p>El juego en pareja nunca ha sido tan emocionante y estimulante.\u00a0Con Pure Gold Double Trouble Enhancer&#x2122; duplicar\u00e1s tu placer, duplicar\u00e1s tu diversi\u00f3n con un soporte claro y resistente para \u00e9l y con poderosas vibraciones precisas en el cl\u00edtoris para ella.\u00a0Oh, s\u00ed, hay mucho asombro para ambos con el estimulador de bot\u00f3n a prueba de agua extra\u00edble, anillo de TPE puro y ABS con estimulador chapado en oro.<\/p>\n<p>Disfrute del est\u00e1ndar dorado del placer sensual.\u00a0Descubre un mundo completamente nuevo de aventuras en el dormitorio que te dejar\u00e1 completamente saciado y listo para m\u00e1s.\u00a0Sigue tu verdadera pasi\u00f3n, rel\u00e1jate y disfruta de cada capricho sexy con este gratificante y saciante potenciador de parejas.\u00a0Ambos alcanzar\u00e1n nuevos reinos de disfrute sensual con este masajeador s\u00faper emocionante.\u00a0Consigue lo que necesitas para tener lo que quieres: puro placer.<\/p>\n<p>Tu coraz\u00f3n hedonista se regocijar\u00e1 con la maravillosa experiencia del mejor potenciador de parejas.<\/p>\n","protected":false},"excerpt":{"rendered":"Anillo vibrador reusable con bala gold","protected":false},"featured_media":12882,"comment_status":"open","ping_status":"closed","template":"","meta":[],"product_cat":[72,159,62],"product_tag":[188,261,75],"_links":{"self":[{"href":"https:\/\/sexshopzagues.com.mx\/tienda\/index.php?rest_route=\/wp\/v2\/product\/12881"}],"collection":[{"href":"https:\/\/sexshopzagues.com.mx\/tienda\/index.php?rest_route=\/wp\/v2\/product"}],"about":[{"href":"https:\/\/sexshopzagues.com.mx\/tienda\/index.php?rest_route=\/wp\/v2\/types\/product"}],"replies":[{"embeddable":true,"href":"https:\/\/sexshopzagues.com.mx\/tienda\/index.php?rest_route=%2Fwp%2Fv2%2Fcomments&post=12881"}],"wp:featuredmedia":[{"embeddable":true,"href":"https:\/\/sexshopzagues.com.mx\/tienda\/index.php?rest_route=\/wp\/v2\/media\/12882"}],"wp:attachment":[{"href":"https:\/\/sexshopzagues.com.mx\/tienda\/index.php?rest_route=%2Fwp%2Fv2%2Fmedia&parent=12881"}],"wp:term":[{"taxonomy":"product_cat","embeddable":true,"href":"https:\/\/sexshopzagues.com.mx\/tienda\/index.php?rest_route=%2Fwp%2Fv2%2Fproduct_cat&post=12881"},{"taxonomy":"product_tag","embeddable":true,"href":"https:\/\/sexshopzagues.com.mx\/tienda\/index.php?rest_route=%2Fwp%2Fv2%2Fproduct_tag&post=12881"}],"curies":[{"name":"wp","href":"https:\/\/api.w.org\/{rel}","templated":true}]}}