{"id":12792,"date":"2021-12-28T21:02:14","date_gmt":"2021-12-28T21:02:14","guid":{"rendered":"https:\/\/sexshopzagues.com.mx\/tienda\/?post_type=product&#038;p=12792"},"modified":"2022-04-19T05:08:40","modified_gmt":"2022-04-19T05:08:40","slug":"pipedream-extreme-toyz-ultimate-fantasy-dolls-kitty-luz","status":"publish","type":"product","link":"https:\/\/sexshopzagues.com.mx\/tienda\/?product=pipedream-extreme-toyz-ultimate-fantasy-dolls-kitty-luz","title":{"rendered":"Pipedream Extreme Toyz &#8211; Ultimate Fantasy Dolls Kitty &#8211; Luz"},"content":{"rendered":"<p>Las\u00a0<a href=\"https:\/\/www.pipedreamproducts.com\/ccrz__ProductList?categoryId=a0K1U000005067oUAA&amp;cclcl=en_US\" target=\"_blank\" rel=\"noopener\">mu\u00f1ecas Ultimate Fantasy de<\/a>\u00a0Pipedream Products<\/p>\n","protected":false},"excerpt":{"rendered":"<b>\u00a1Las rubias se divierten m\u00e1s!<\/b>\r\n\r\nLas\u00a0<a href=\"https:\/\/www.pipedreamproducts.com\/ccrz__ProductList?categoryId=a0K1U000005067oUAA&amp;cclcl=en_US\" target=\"_blank\" rel=\"noopener\">mu\u00f1ecas Ultimate Fantasy de<\/a>\u00a0Pipedream Products, que se pueden mover de la cabeza a los pies, hasta la punta de los dedos,\u00a0se crean cuidadosamente para cumplir fantas\u00edas e inspirar placer \u00edntimo en todos los niveles.\u00a0Con una verdadera atenci\u00f3n al detalle y una piel de Fanta Flesh s\u00faper suave, \u00a1Ultimate Fantasy Dolls har\u00e1 realidad todos tus sue\u00f1os!\r\n\r\n<b>Kitty<\/b>\u00a0mide 168 cm (66 pulgadas) de altura, ojos verdes, cabello rubio, labios flexibles, un co\u00f1o realista, articulaciones articuladas y dedos de los pies realistas.\u00a0\u00a1Todo su cuerpo est\u00e1 sostenido por un esqueleto de acero inoxidable s\u00faper fuerte que presenta articulaciones m\u00f3viles y flexibles como una mujer real!\u00a0<b>Kitty<\/b>\u00a0\u00a0pesa 37 kg (82 lb) y se puede posar en cualquier posici\u00f3n.\r\n\r\n<b>Caracter\u00edsticas y beneficios:<\/b>\r\n<ul>\r\n \t<li>Apariencia incre\u00edblemente realista<\/li>\r\n \t<li>3 entradas de sentimiento realista<\/li>\r\n \t<li>Sistema esquel\u00e9tico posable altamente avanzado<\/li>\r\n \t<li>Superficie suave como la seda<\/li>\r\n \t<li>Impresionante atenci\u00f3n al detalle<\/li>\r\n \t<li>Se para por su cuenta<\/li>\r\n<\/ul>\r\n<b>El paquete incluye:<\/b>\r\n<ul>\r\n \t<li>(1) Mu\u00f1eca Kitty<\/li>\r\n \t<li>(1) Irrigador limpiador<\/li>\r\n \t<li>(1) Varilla de calentamiento USB<\/li>\r\n \t<li>(1) Conjunto de lencer\u00eda<\/li>\r\n \t<li>(1) Par de guantes de algod\u00f3n blancos<\/li>\r\n \t<li>(2) Inserciones vaginales de TPE \/ Mangas de masturbaci\u00f3n \u201a(1\u201a ya insertada)<\/li>\r\n \t<li>(1) Tira de material TPE \u201a(para reparaci\u00f3n \/ modificaciones)<\/li>\r\n \t<li>(1) Juego de clavos a presi\u00f3n de repuesto<\/li>\r\n \t<li>(1) Gu\u00eda de uso y cuidado disponible en ingl\u00e9s, franc\u00e9s, italiano, alem\u00e1n, espa\u00f1ol, holand\u00e9s y ruso<\/li>\r\n<\/ul>\r\nTENGA EN CUENTA:\r\n<ul>\r\n \t<li>Cada Ultimate Fantasy Doll viene en una caja sin marcar con solo el n\u00famero de art\u00edculo en el exterior (sin empaque minorista), lo que hace que sea m\u00e1s conveniente para los clientes transportar sus compras de manera discreta.<\/li>\r\n \t<li>Las dimensiones de la caja son 61\u00bd x 16\u00bd x 11\u00bd (156 cm x 42 cm x 30 cm)<\/li>\r\n \t<li>Peso completo del paquete: 105 libras (48 kg)<\/li>\r\n<\/ul>\r\n<b>Material:\u00a0<\/b>\u00a0TPE\r\n\r\n<b>Dimensiones:<\/b>\r\n<ul>\r\n \t<li>Altura: 168 cm (66 pulg)<\/li>\r\n \t<li>Peso: 82 libras (37 kg)<\/li>\r\n \t<li>Ancho del hombro: 34 cm (13 pulg.)<\/li>\r\n \t<li>Busto: 35,5 (90 cm)<\/li>\r\n \t<li>Debajo del busto: 26 pulgadas (67 cm)<\/li>\r\n \t<li>Cintura: 20,5 (52 cm)<\/li>\r\n \t<li>Caderas: 32 (81 cm)<\/li>\r\n \t<li>Mu\u00f1eca: 11,5 cm (4,5 pulg.)<\/li>\r\n \t<li>Circunferencia del muslo: 47 cm (18,5 pulg.)<\/li>\r\n \t<li>Circulaci\u00f3n de la pantorrilla: 30,5 cm (12 pulg.)<\/li>\r\n \t<li>Tama\u00f1o de copa: D &#8211; DD<\/li>\r\n \t<li>Ropa: XS &#8211; S<\/li>\r\n \t<li>Calzado de mujer: 7<\/li>\r\n<\/ul>","protected":false},"featured_media":12793,"comment_status":"open","ping_status":"closed","template":"","meta":[],"product_cat":[72,159,66,67],"product_tag":[260,190,259,250,76],"_links":{"self":[{"href":"https:\/\/sexshopzagues.com.mx\/tienda\/index.php?rest_route=\/wp\/v2\/product\/12792"}],"collection":[{"href":"https:\/\/sexshopzagues.com.mx\/tienda\/index.php?rest_route=\/wp\/v2\/product"}],"about":[{"href":"https:\/\/sexshopzagues.com.mx\/tienda\/index.php?rest_route=\/wp\/v2\/types\/product"}],"replies":[{"embeddable":true,"href":"https:\/\/sexshopzagues.com.mx\/tienda\/index.php?rest_route=%2Fwp%2Fv2%2Fcomments&post=12792"}],"wp:featuredmedia":[{"embeddable":true,"href":"https:\/\/sexshopzagues.com.mx\/tienda\/index.php?rest_route=\/wp\/v2\/media\/12793"}],"wp:attachment":[{"href":"https:\/\/sexshopzagues.com.mx\/tienda\/index.php?rest_route=%2Fwp%2Fv2%2Fmedia&parent=12792"}],"wp:term":[{"taxonomy":"product_cat","embeddable":true,"href":"https:\/\/sexshopzagues.com.mx\/tienda\/index.php?rest_route=%2Fwp%2Fv2%2Fproduct_cat&post=12792"},{"taxonomy":"product_tag","embeddable":true,"href":"https:\/\/sexshopzagues.com.mx\/tienda\/index.php?rest_route=%2Fwp%2Fv2%2Fproduct_tag&post=12792"}],"curies":[{"name":"wp","href":"https:\/\/api.w.org\/{rel}","templated":true}]}}