{"id":12649,"date":"2021-04-13T23:57:51","date_gmt":"2021-04-13T23:57:51","guid":{"rendered":"https:\/\/sexshopzagues.com.mx\/tienda\/?post_type=product&#038;p=12649"},"modified":"2023-02-23T22:19:22","modified_gmt":"2023-02-23T22:19:22","slug":"chrystalino-stretch-blue","status":"publish","type":"product","link":"https:\/\/sexshopzagues.com.mx\/tienda\/?product=chrystalino-stretch-blue","title":{"rendered":"Chrystalino Stretch &#8211; Blue"},"content":{"rendered":"<ul class=\"a-unordered-list a-vertical a-spacing-mini\">\n<li><span class=\"a-list-item\">La forma \u00fanica de este hermoso juguete\u00a0 hecho a mano ha sido dise\u00f1ada tanto para juegos vaginales como anales.<\/span><\/li>\n<li><span class=\"a-list-item\">Introduzca el juguete bajo un flujo de agua fr\u00eda o tibia y el material premium de borosilicato se calienta o enfr\u00eda para mejorar la temperatura de juego.<\/span><\/li>\n<li><span class=\"a-list-item\">Elegante juguete de material no poroso, seguro para el cuerpo y le dar\u00e1 una vida de placer. * Dise\u00f1o \u00fanico * Utilice agua fr\u00eda\/caliente para enfriarla\/calentarla.<\/span><\/li>\n<li><span class=\"a-list-item\">Longitud del producto: 7.4\u00a0in. Ancho del producto: 2.0\u00a0in. Peso del producto: 8.22\u00a0oz. Di\u00e1metro del producto: 1.3\u00a0in.<\/span><\/li>\n<\/ul>\n","protected":false},"excerpt":{"rendered":"Dildo\/ plug de cristal","protected":false},"featured_media":12650,"comment_status":"open","ping_status":"closed","template":"","meta":[],"product_cat":[168,56],"product_tag":[169,125],"_links":{"self":[{"href":"https:\/\/sexshopzagues.com.mx\/tienda\/index.php?rest_route=\/wp\/v2\/product\/12649"}],"collection":[{"href":"https:\/\/sexshopzagues.com.mx\/tienda\/index.php?rest_route=\/wp\/v2\/product"}],"about":[{"href":"https:\/\/sexshopzagues.com.mx\/tienda\/index.php?rest_route=\/wp\/v2\/types\/product"}],"replies":[{"embeddable":true,"href":"https:\/\/sexshopzagues.com.mx\/tienda\/index.php?rest_route=%2Fwp%2Fv2%2Fcomments&post=12649"}],"wp:featuredmedia":[{"embeddable":true,"href":"https:\/\/sexshopzagues.com.mx\/tienda\/index.php?rest_route=\/wp\/v2\/media\/12650"}],"wp:attachment":[{"href":"https:\/\/sexshopzagues.com.mx\/tienda\/index.php?rest_route=%2Fwp%2Fv2%2Fmedia&parent=12649"}],"wp:term":[{"taxonomy":"product_cat","embeddable":true,"href":"https:\/\/sexshopzagues.com.mx\/tienda\/index.php?rest_route=%2Fwp%2Fv2%2Fproduct_cat&post=12649"},{"taxonomy":"product_tag","embeddable":true,"href":"https:\/\/sexshopzagues.com.mx\/tienda\/index.php?rest_route=%2Fwp%2Fv2%2Fproduct_tag&post=12649"}],"curies":[{"name":"wp","href":"https:\/\/api.w.org\/{rel}","templated":true}]}}