{"id":12644,"date":"2021-04-13T23:49:25","date_gmt":"2021-04-13T23:49:25","guid":{"rendered":"https:\/\/sexshopzagues.com.mx\/tienda\/?post_type=product&#038;p=12644"},"modified":"2023-02-23T22:19:58","modified_gmt":"2023-02-23T22:19:58","slug":"cyclone-white","status":"publish","type":"product","link":"https:\/\/sexshopzagues.com.mx\/tienda\/?product=cyclone-white","title":{"rendered":"Cyclone &#8211; White"},"content":{"rendered":"<div id=\"featurebullets_feature_div\" class=\"celwidget\" data-feature-name=\"featurebullets\" data-csa-c-id=\"uxsxcy-6b0ii8-t1r0v6-ioynay\" data-cel-widget=\"featurebullets_feature_div\">\n<div id=\"feature-bullets\" class=\"a-section a-spacing-medium a-spacing-top-small\">\n<ul class=\"a-unordered-list a-vertical a-spacing-mini\">\n<li><span class=\"a-list-item\">SHOTS TOYS presenta Boom natural placer Cyclone conejo vibrador de silicona para tus placeres cremoso en solo amor y juego sexual<\/span><\/li>\n<li><span class=\"a-list-item\">Cyclone VIBE por Boom es un resistente al agua, usb-rechargeable, dual-stim vibrador que dispone de un \u00fanico, spinning, rueda de lanzar CLITORAL para ORGASMIC de reproducci\u00f3n y un mango gently-curved que te dar\u00e1 todo el placer que se merece natural<\/span><\/li>\n<li><span class=\"a-list-item\">Cyclone VIBE de cerdas suaves, flexible, hacer pleno contacto con su Clit para una experiencia incre\u00edble con un poco de lubricante que est\u00e1 seguro de hacer usted color crema<\/span><\/li>\n<li><span class=\"a-list-item\">Cyclone VIBE de sensaciones simular entusiasta sexo oral y la gently-curved alcanza de eje y en el masaje para incre\u00edble, punto G simult\u00e1neos<\/span><\/li>\n<li><span class=\"a-list-item\">Boom natural placer Cyclone vibrador ofrece 10\u00a0modos de vibraci\u00f3n y velocidad patr\u00f3n que usted controla con un f\u00e1cil bot\u00f3n situado en la base del VIBE<\/span><\/li>\n<\/ul>\n<\/div>\n<\/div>\n<div id=\"globalStoreInfoBullets_feature_div\" class=\"celwidget\" data-feature-name=\"globalStoreInfoBullets\" data-csa-c-id=\"5ihg8g-uhyoos-bqma8o-s86csl\" data-cel-widget=\"globalStoreInfoBullets_feature_div\"><\/div>\n<div id=\"HLCXComparisonJumplink_feature_div\"><\/div>\n<div id=\"vendorPoweredCoupon_feature_div\" class=\"celwidget\" data-feature-name=\"vendorPoweredCoupon\" data-csa-c-id=\"m4m39e-xj8jae-9xavqh-74kj24\" data-cel-widget=\"vendorPoweredCoupon_feature_div\"><\/div>\n<div id=\"addOnItem_feature_div\" class=\"celwidget\" data-feature-name=\"addOnItem\" data-csa-c-id=\"sybnff-xhrzzh-jnti9a-imbcp0\" data-cel-widget=\"addOnItem_feature_div\"><\/div>\n<div id=\"giftcard-holiday-availability-messaging_feature_div\" class=\"celwidget\" data-feature-name=\"giftCardHolidayAvailabilityMessaging\" data-csa-c-id=\"irvh4i-8sit6n-fen9d4-84gplh\" data-cel-widget=\"giftcard-holiday-availability-messaging_feature_div\"><\/div>\n<div id=\"andonCord_feature_div\" class=\"celwidget\" data-feature-name=\"andonCord\" data-csa-c-id=\"y7xfaa-rund5-ja3iij-5ojdy2\" data-cel-widget=\"andonCord_feature_div\"><\/div>\n<div id=\"olp_feature_div\" class=\"celwidget\" data-feature-name=\"olp\" data-csa-c-id=\"u0kxh7-ue9oh9-wq7ev-3exq6e\" data-cel-widget=\"olp_feature_div\"><\/div>\n","protected":false},"excerpt":{"rendered":"Vibrador silicon con estimulador de clitoris con simulador de sexo oral","protected":false},"featured_media":12648,"comment_status":"open","ping_status":"closed","template":"","meta":[],"product_cat":[163,72,157,57],"product_tag":[255,94,93,196],"_links":{"self":[{"href":"https:\/\/sexshopzagues.com.mx\/tienda\/index.php?rest_route=\/wp\/v2\/product\/12644"}],"collection":[{"href":"https:\/\/sexshopzagues.com.mx\/tienda\/index.php?rest_route=\/wp\/v2\/product"}],"about":[{"href":"https:\/\/sexshopzagues.com.mx\/tienda\/index.php?rest_route=\/wp\/v2\/types\/product"}],"replies":[{"embeddable":true,"href":"https:\/\/sexshopzagues.com.mx\/tienda\/index.php?rest_route=%2Fwp%2Fv2%2Fcomments&post=12644"}],"wp:featuredmedia":[{"embeddable":true,"href":"https:\/\/sexshopzagues.com.mx\/tienda\/index.php?rest_route=\/wp\/v2\/media\/12648"}],"wp:attachment":[{"href":"https:\/\/sexshopzagues.com.mx\/tienda\/index.php?rest_route=%2Fwp%2Fv2%2Fmedia&parent=12644"}],"wp:term":[{"taxonomy":"product_cat","embeddable":true,"href":"https:\/\/sexshopzagues.com.mx\/tienda\/index.php?rest_route=%2Fwp%2Fv2%2Fproduct_cat&post=12644"},{"taxonomy":"product_tag","embeddable":true,"href":"https:\/\/sexshopzagues.com.mx\/tienda\/index.php?rest_route=%2Fwp%2Fv2%2Fproduct_tag&post=12644"}],"curies":[{"name":"wp","href":"https:\/\/api.w.org\/{rel}","templated":true}]}}