{"id":12566,"date":"2021-01-05T06:23:06","date_gmt":"2021-01-05T06:23:06","guid":{"rendered":"https:\/\/sexshopzagues.com.mx\/tienda\/?post_type=product&#038;p=12566"},"modified":"2023-02-23T22:24:38","modified_gmt":"2023-02-23T22:24:38","slug":"devi-diamond-collection-1","status":"publish","type":"product","link":"https:\/\/sexshopzagues.com.mx\/tienda\/?product=devi-diamond-collection-1","title":{"rendered":"DEVI DIAMOND COLLECTION 1"},"content":{"rendered":"<p>Experimenta por ti mismo de mejor en vibracion. Este vibrador de velocidad m\u00faltiple es perfecto para principiantes y lo suficientemente potente como para satisfacer cualquier nivel de usuario. Las vibraciones calmantes y perillas de amor lleno de baches se sienten como las reales, \u00a1solo mejor! Es f\u00e1cil usa tambi\u00e9n, simplemente ajusta el dial de velocidades m\u00faltiples y elige la configuraci\u00f3n que m\u00e1s te convenga. Nunca he llegado al cl\u00edmax tan fuerte y r\u00e1pido en mi vida. \u00a1S\u00e9 que t\u00fa tambi\u00e9n lo har\u00e1s!<\/p>\n","protected":false},"excerpt":{"rendered":"Vibrador realista multivelocidad","protected":false},"featured_media":12567,"comment_status":"open","ping_status":"closed","template":"","meta":[],"product_cat":[182,72,176,57],"product_tag":[82,242,196],"_links":{"self":[{"href":"https:\/\/sexshopzagues.com.mx\/tienda\/index.php?rest_route=\/wp\/v2\/product\/12566"}],"collection":[{"href":"https:\/\/sexshopzagues.com.mx\/tienda\/index.php?rest_route=\/wp\/v2\/product"}],"about":[{"href":"https:\/\/sexshopzagues.com.mx\/tienda\/index.php?rest_route=\/wp\/v2\/types\/product"}],"replies":[{"embeddable":true,"href":"https:\/\/sexshopzagues.com.mx\/tienda\/index.php?rest_route=%2Fwp%2Fv2%2Fcomments&post=12566"}],"wp:featuredmedia":[{"embeddable":true,"href":"https:\/\/sexshopzagues.com.mx\/tienda\/index.php?rest_route=\/wp\/v2\/media\/12567"}],"wp:attachment":[{"href":"https:\/\/sexshopzagues.com.mx\/tienda\/index.php?rest_route=%2Fwp%2Fv2%2Fmedia&parent=12566"}],"wp:term":[{"taxonomy":"product_cat","embeddable":true,"href":"https:\/\/sexshopzagues.com.mx\/tienda\/index.php?rest_route=%2Fwp%2Fv2%2Fproduct_cat&post=12566"},{"taxonomy":"product_tag","embeddable":true,"href":"https:\/\/sexshopzagues.com.mx\/tienda\/index.php?rest_route=%2Fwp%2Fv2%2Fproduct_tag&post=12566"}],"curies":[{"name":"wp","href":"https:\/\/api.w.org\/{rel}","templated":true}]}}