{"id":12504,"date":"2020-07-18T19:54:29","date_gmt":"2020-07-18T19:54:29","guid":{"rendered":"https:\/\/sexshopzagues.com.mx\/tienda\/?post_type=product&#038;p=12504"},"modified":"2023-02-23T22:26:27","modified_gmt":"2023-02-23T22:26:27","slug":"basix-slim-7-dong-purple","status":"publish","type":"product","link":"https:\/\/sexshopzagues.com.mx\/tienda\/?product=basix-slim-7-dong-purple","title":{"rendered":"Basix Rubber Works Slim 7&#8243; with Suction Cup &#8211; Purple"},"content":{"rendered":"<p>Fabricado en Estados Unidos con goma de fabricaci\u00f3n americana. Fabricado con materiales sin ftalatos. Punta c\u00f3nica y base de ventosa que se adhiere a cualuier superficie lisa, compatible con arnes.<br \/>\nEl Basix Rubber Works 7&#8243; Slim Dong de Pipedream pone un nuevo giro en un producto cl\u00e1sico para ofrecerte la mejor goma posible hecha en los Estados Unidos. La goma estadounidense de Pipedream es 100% libre de ftalatos y l\u00e1tex, ecol\u00f3gica e hipoalerg\u00e9nica. Longitud 17.7 cm; di\u00e1metro: 4 cm<\/p>\n","protected":false},"excerpt":{"rendered":"Dildo suave con ventosa","protected":false},"featured_media":12505,"comment_status":"open","ping_status":"closed","template":"","meta":[],"product_cat":[72,58],"product_tag":[209,92,76],"_links":{"self":[{"href":"https:\/\/sexshopzagues.com.mx\/tienda\/index.php?rest_route=\/wp\/v2\/product\/12504"}],"collection":[{"href":"https:\/\/sexshopzagues.com.mx\/tienda\/index.php?rest_route=\/wp\/v2\/product"}],"about":[{"href":"https:\/\/sexshopzagues.com.mx\/tienda\/index.php?rest_route=\/wp\/v2\/types\/product"}],"replies":[{"embeddable":true,"href":"https:\/\/sexshopzagues.com.mx\/tienda\/index.php?rest_route=%2Fwp%2Fv2%2Fcomments&post=12504"}],"wp:featuredmedia":[{"embeddable":true,"href":"https:\/\/sexshopzagues.com.mx\/tienda\/index.php?rest_route=\/wp\/v2\/media\/12505"}],"wp:attachment":[{"href":"https:\/\/sexshopzagues.com.mx\/tienda\/index.php?rest_route=%2Fwp%2Fv2%2Fmedia&parent=12504"}],"wp:term":[{"taxonomy":"product_cat","embeddable":true,"href":"https:\/\/sexshopzagues.com.mx\/tienda\/index.php?rest_route=%2Fwp%2Fv2%2Fproduct_cat&post=12504"},{"taxonomy":"product_tag","embeddable":true,"href":"https:\/\/sexshopzagues.com.mx\/tienda\/index.php?rest_route=%2Fwp%2Fv2%2Fproduct_tag&post=12504"}],"curies":[{"name":"wp","href":"https:\/\/api.w.org\/{rel}","templated":true}]}}