{"id":12494,"date":"2020-07-18T19:12:45","date_gmt":"2020-07-18T19:12:45","guid":{"rendered":"https:\/\/sexshopzagues.com.mx\/tienda\/?post_type=product&#038;p=12494"},"modified":"2023-02-23T22:27:12","modified_gmt":"2023-02-23T22:27:12","slug":"ff-extreme-compliance-kit","status":"publish","type":"product","link":"https:\/\/sexshopzagues.com.mx\/tienda\/?product=ff-extreme-compliance-kit","title":{"rendered":"FF EXTREME COMPLIANCE KIT"},"content":{"rendered":"<p>Ens\u00e9\u00f1ele a su pareja el significado del silencio con este kit. Este sistema de mordaza de bola desmontable es la herramienta perfecta para ense\u00f1ar a su amante c\u00f3mo complacer y servir. Usted puede controlar cu\u00e1ndo y con qu\u00e9 frecuencia su amante habla, le da plena autoridad para hacer lo que quiera y explorar sus fantas\u00edas fetiches m\u00e1s profundas!<\/p>\n<p>Incluye:<br \/>\n&#8211; Abrazadera ajustable.<br \/>\n&#8211; 5 Accesorios de Mordaza<br \/>\n&#8211; M\u00e1scara satinada.<\/p>\n<p>Kit de Cumplimiento\u00a0Extreme Fetish Fantasy Series.<br \/>\nContiene todo lo que necesitas.<br \/>\nEl n\u00facleo del kit es una mordaza\u00a0de bola resistente con\u00a0piezas intercambiables de liberaci\u00f3n\u00a0r\u00e1pida que se pueden fijar en la\u00a0parte delantera. Hay un plato de\u00a0servir, un cepillo multiuso, una correa\u00a0de la cadena, un cepillo de tocador y\u00a0un consolador realista que se\u00a0puede poner en uso. La mordaza\u00a0de la bola es ajustable para caber en\u00a0la mayor\u00eda de los tama\u00f1os, y es\u00a0c\u00f3modamente forrado para el desgaste a largo plazo.<\/p>\n","protected":false},"excerpt":{"rendered":"Kit de Cumplimiento\u00a0Extreme Fetish Fantasy Series.","protected":false},"featured_media":12495,"comment_status":"open","ping_status":"closed","template":"","meta":[],"product_cat":[160,65],"product_tag":[246,76,124],"_links":{"self":[{"href":"https:\/\/sexshopzagues.com.mx\/tienda\/index.php?rest_route=\/wp\/v2\/product\/12494"}],"collection":[{"href":"https:\/\/sexshopzagues.com.mx\/tienda\/index.php?rest_route=\/wp\/v2\/product"}],"about":[{"href":"https:\/\/sexshopzagues.com.mx\/tienda\/index.php?rest_route=\/wp\/v2\/types\/product"}],"replies":[{"embeddable":true,"href":"https:\/\/sexshopzagues.com.mx\/tienda\/index.php?rest_route=%2Fwp%2Fv2%2Fcomments&post=12494"}],"wp:featuredmedia":[{"embeddable":true,"href":"https:\/\/sexshopzagues.com.mx\/tienda\/index.php?rest_route=\/wp\/v2\/media\/12495"}],"wp:attachment":[{"href":"https:\/\/sexshopzagues.com.mx\/tienda\/index.php?rest_route=%2Fwp%2Fv2%2Fmedia&parent=12494"}],"wp:term":[{"taxonomy":"product_cat","embeddable":true,"href":"https:\/\/sexshopzagues.com.mx\/tienda\/index.php?rest_route=%2Fwp%2Fv2%2Fproduct_cat&post=12494"},{"taxonomy":"product_tag","embeddable":true,"href":"https:\/\/sexshopzagues.com.mx\/tienda\/index.php?rest_route=%2Fwp%2Fv2%2Fproduct_tag&post=12494"}],"curies":[{"name":"wp","href":"https:\/\/api.w.org\/{rel}","templated":true}]}}