{"id":12488,"date":"2020-07-18T19:00:26","date_gmt":"2020-07-18T19:00:26","guid":{"rendered":"https:\/\/sexshopzagues.com.mx\/tienda\/?post_type=product&#038;p=12488"},"modified":"2023-02-23T22:27:43","modified_gmt":"2023-02-23T22:27:43","slug":"fetish-fantasy-series-feather-fantasy-kit-red","status":"publish","type":"product","link":"https:\/\/sexshopzagues.com.mx\/tienda\/?product=fetish-fantasy-series-feather-fantasy-kit-red","title":{"rendered":"Fetish Fantasy Series Feather Fantasy Kit &#8211; Red"},"content":{"rendered":"<p>In\u00edciate en el\u00a0<em>bondage\u00a0<\/em>con un<strong>\u00a0kit de seduccion<\/strong>\u00a0que te servir\u00e1 para entender por qu\u00e9 esta t\u00e9cnica sexual resulta tan excitante.<\/p>\n<p>Hazle cosquillas a tu amante con este kit Feather Fantasy de Pipedream.<\/p>\n<p>Las esposas de metal cubiertas con suave plumas rojas mantendr\u00e1n a tu pareja<br \/>\nc\u00f3modamente retenida sin hacerle da\u00f1o en las mu\u00f1ecas o los tobillos.<\/p>\n<p>La m\u00e1scara de plumas crea un efecto agradable sobre tus p\u00e1rpados proporcionando una privaci\u00f3n sensorial visual ideal para juegos.<\/p>\n<p>Estimula y provoca a tu amante con la pluma, excitando con cada seductor trazo!<\/p>\n<p>Las esposas se ajustan f\u00e1cilmente para adaptarse a casi cualquier tama\u00f1o y cuentan con una palanca de liberaci\u00f3n r\u00e1pida si pierdes la llave.<\/p>\n<p>El kit se convierte en un regalo rom\u00e1ntico perfecto y es ideal para principiantes en los juegos bondage.<\/p>\n<p>Incluye:\u00a0<strong>una pluma para masajes, esposas para mu\u00f1ecas afelpada color rojo y una m\u00e1scara\u00a0\u00a0<\/strong><\/p>\n","protected":false},"excerpt":{"rendered":"Kit de Seduccion","protected":false},"featured_media":12489,"comment_status":"open","ping_status":"closed","template":"","meta":[],"product_cat":[72,160,65],"product_tag":[245,246,76,124],"_links":{"self":[{"href":"https:\/\/sexshopzagues.com.mx\/tienda\/index.php?rest_route=\/wp\/v2\/product\/12488"}],"collection":[{"href":"https:\/\/sexshopzagues.com.mx\/tienda\/index.php?rest_route=\/wp\/v2\/product"}],"about":[{"href":"https:\/\/sexshopzagues.com.mx\/tienda\/index.php?rest_route=\/wp\/v2\/types\/product"}],"replies":[{"embeddable":true,"href":"https:\/\/sexshopzagues.com.mx\/tienda\/index.php?rest_route=%2Fwp%2Fv2%2Fcomments&post=12488"}],"wp:featuredmedia":[{"embeddable":true,"href":"https:\/\/sexshopzagues.com.mx\/tienda\/index.php?rest_route=\/wp\/v2\/media\/12489"}],"wp:attachment":[{"href":"https:\/\/sexshopzagues.com.mx\/tienda\/index.php?rest_route=%2Fwp%2Fv2%2Fmedia&parent=12488"}],"wp:term":[{"taxonomy":"product_cat","embeddable":true,"href":"https:\/\/sexshopzagues.com.mx\/tienda\/index.php?rest_route=%2Fwp%2Fv2%2Fproduct_cat&post=12488"},{"taxonomy":"product_tag","embeddable":true,"href":"https:\/\/sexshopzagues.com.mx\/tienda\/index.php?rest_route=%2Fwp%2Fv2%2Fproduct_tag&post=12488"}],"curies":[{"name":"wp","href":"https:\/\/api.w.org\/{rel}","templated":true}]}}