{"id":12483,"date":"2020-07-18T18:25:17","date_gmt":"2020-07-18T18:25:17","guid":{"rendered":"https:\/\/sexshopzagues.com.mx\/tienda\/?post_type=product&#038;p=12483"},"modified":"2023-02-23T22:28:25","modified_gmt":"2023-02-23T22:28:25","slug":"fetish-fantasy-sensual-seduction-kit","status":"publish","type":"product","link":"https:\/\/sexshopzagues.com.mx\/tienda\/?product=fetish-fantasy-sensual-seduction-kit","title":{"rendered":"FETISH FANTASY SENSUAL SEDUCTION KIT"},"content":{"rendered":"<p>\u00a1Comparte una peque\u00f1a fantas\u00eda con tu amante con nuestro kit de seducci\u00f3n sensual!\u00a0Cambia tu rutina y trae un poco de espontaneidad y un elemento de sorpresa y anticipaci\u00f3n al dormitorio.<\/p>\n<p>Incluye:<\/p>\n<ul>\n<li>Esposas de tela con velcro ajustable<\/li>\n<li>Plumas de fantas\u00eda para cosquillas<\/li>\n<li>Mascara antifaz tela satinada<\/li>\n<\/ul>\n","protected":false},"excerpt":{"rendered":"Kit de Seduccion","protected":false},"featured_media":12484,"comment_status":"open","ping_status":"closed","template":"","meta":[],"product_cat":[160,65],"product_tag":[245,246,76,124],"_links":{"self":[{"href":"https:\/\/sexshopzagues.com.mx\/tienda\/index.php?rest_route=\/wp\/v2\/product\/12483"}],"collection":[{"href":"https:\/\/sexshopzagues.com.mx\/tienda\/index.php?rest_route=\/wp\/v2\/product"}],"about":[{"href":"https:\/\/sexshopzagues.com.mx\/tienda\/index.php?rest_route=\/wp\/v2\/types\/product"}],"replies":[{"embeddable":true,"href":"https:\/\/sexshopzagues.com.mx\/tienda\/index.php?rest_route=%2Fwp%2Fv2%2Fcomments&post=12483"}],"wp:featuredmedia":[{"embeddable":true,"href":"https:\/\/sexshopzagues.com.mx\/tienda\/index.php?rest_route=\/wp\/v2\/media\/12484"}],"wp:attachment":[{"href":"https:\/\/sexshopzagues.com.mx\/tienda\/index.php?rest_route=%2Fwp%2Fv2%2Fmedia&parent=12483"}],"wp:term":[{"taxonomy":"product_cat","embeddable":true,"href":"https:\/\/sexshopzagues.com.mx\/tienda\/index.php?rest_route=%2Fwp%2Fv2%2Fproduct_cat&post=12483"},{"taxonomy":"product_tag","embeddable":true,"href":"https:\/\/sexshopzagues.com.mx\/tienda\/index.php?rest_route=%2Fwp%2Fv2%2Fproduct_tag&post=12483"}],"curies":[{"name":"wp","href":"https:\/\/api.w.org\/{rel}","templated":true}]}}