{"id":12461,"date":"2020-07-03T21:32:26","date_gmt":"2020-07-03T21:32:26","guid":{"rendered":"https:\/\/sexshopzagues.com.mx\/tienda\/?post_type=product&#038;p=12461"},"modified":"2023-02-23T22:29:45","modified_gmt":"2023-02-23T22:29:45","slug":"funda-silicon-pd","status":"publish","type":"product","link":"https:\/\/sexshopzagues.com.mx\/tienda\/?product=funda-silicon-pd","title":{"rendered":"FUNDA SILICON PD"},"content":{"rendered":"<p><span>Suave, pero excitante y realista, siente el placer adicional que ofrece esta extensi\u00f3n de pene acanalado.\u00a0<\/span><span>Hecho con n\u00f3dulos emocionantes que proporcionan estimulaci\u00f3n er\u00f3tica, adem\u00e1s de agregar longitud y anchura, \u00bfqu\u00e9 m\u00e1s podr\u00eda hacer una pareja?\u00a0<\/span><span>\u00a1Disfruta un poco EXTRA esta noche!<\/span><\/p>\n","protected":false},"excerpt":{"rendered":"Funda extension texturizada para pene","protected":false},"featured_media":12463,"comment_status":"open","ping_status":"closed","template":"","meta":[],"product_cat":[159,69],"product_tag":[192,191,242],"_links":{"self":[{"href":"https:\/\/sexshopzagues.com.mx\/tienda\/index.php?rest_route=\/wp\/v2\/product\/12461"}],"collection":[{"href":"https:\/\/sexshopzagues.com.mx\/tienda\/index.php?rest_route=\/wp\/v2\/product"}],"about":[{"href":"https:\/\/sexshopzagues.com.mx\/tienda\/index.php?rest_route=\/wp\/v2\/types\/product"}],"replies":[{"embeddable":true,"href":"https:\/\/sexshopzagues.com.mx\/tienda\/index.php?rest_route=%2Fwp%2Fv2%2Fcomments&post=12461"}],"wp:featuredmedia":[{"embeddable":true,"href":"https:\/\/sexshopzagues.com.mx\/tienda\/index.php?rest_route=\/wp\/v2\/media\/12463"}],"wp:attachment":[{"href":"https:\/\/sexshopzagues.com.mx\/tienda\/index.php?rest_route=%2Fwp%2Fv2%2Fmedia&parent=12461"}],"wp:term":[{"taxonomy":"product_cat","embeddable":true,"href":"https:\/\/sexshopzagues.com.mx\/tienda\/index.php?rest_route=%2Fwp%2Fv2%2Fproduct_cat&post=12461"},{"taxonomy":"product_tag","embeddable":true,"href":"https:\/\/sexshopzagues.com.mx\/tienda\/index.php?rest_route=%2Fwp%2Fv2%2Fproduct_tag&post=12461"}],"curies":[{"name":"wp","href":"https:\/\/api.w.org\/{rel}","templated":true}]}}