{"id":12432,"date":"2020-06-25T22:02:20","date_gmt":"2020-06-25T22:02:20","guid":{"rendered":"https:\/\/sexshopzagues.com.mx\/tienda\/?post_type=product&#038;p=12432"},"modified":"2023-02-23T22:33:23","modified_gmt":"2023-02-23T22:33:23","slug":"liquid-virgin-pillow","status":"publish","type":"product","link":"https:\/\/sexshopzagues.com.mx\/tienda\/?product=liquid-virgin-pillow","title":{"rendered":"Liquid Virgin Pillow"},"content":{"rendered":"<p>La experiencia de la primera vez es posible gracias a la exclusiva f\u00f3rmula de Liquid Virgin. Su f\u00f3rmula adem\u00e1s de ser estrechante, te estimular\u00e1. Base agua, extra hidratante y ligeramente perfumada con aroma a fresa.<\/p>\n","protected":false},"excerpt":{"rendered":"Estrechante y estimulante Vaginal","protected":false},"featured_media":12433,"comment_status":"open","ping_status":"closed","template":"","meta":[],"product_cat":[102,59],"product_tag":[104,230],"_links":{"self":[{"href":"https:\/\/sexshopzagues.com.mx\/tienda\/index.php?rest_route=\/wp\/v2\/product\/12432"}],"collection":[{"href":"https:\/\/sexshopzagues.com.mx\/tienda\/index.php?rest_route=\/wp\/v2\/product"}],"about":[{"href":"https:\/\/sexshopzagues.com.mx\/tienda\/index.php?rest_route=\/wp\/v2\/types\/product"}],"replies":[{"embeddable":true,"href":"https:\/\/sexshopzagues.com.mx\/tienda\/index.php?rest_route=%2Fwp%2Fv2%2Fcomments&post=12432"}],"wp:featuredmedia":[{"embeddable":true,"href":"https:\/\/sexshopzagues.com.mx\/tienda\/index.php?rest_route=\/wp\/v2\/media\/12433"}],"wp:attachment":[{"href":"https:\/\/sexshopzagues.com.mx\/tienda\/index.php?rest_route=%2Fwp%2Fv2%2Fmedia&parent=12432"}],"wp:term":[{"taxonomy":"product_cat","embeddable":true,"href":"https:\/\/sexshopzagues.com.mx\/tienda\/index.php?rest_route=%2Fwp%2Fv2%2Fproduct_cat&post=12432"},{"taxonomy":"product_tag","embeddable":true,"href":"https:\/\/sexshopzagues.com.mx\/tienda\/index.php?rest_route=%2Fwp%2Fv2%2Fproduct_tag&post=12432"}],"curies":[{"name":"wp","href":"https:\/\/api.w.org\/{rel}","templated":true}]}}