{"id":12279,"date":"2020-01-25T01:28:59","date_gmt":"2020-01-25T01:28:59","guid":{"rendered":"https:\/\/sexshopzagues.com.mx\/tienda\/?post_type=product&#038;p=12279"},"modified":"2023-02-23T22:39:14","modified_gmt":"2023-02-23T22:39:14","slug":"elbow-grease-ligth-cream-1oz-quickie","status":"publish","type":"product","link":"https:\/\/sexshopzagues.com.mx\/tienda\/?product=elbow-grease-ligth-cream-1oz-quickie","title":{"rendered":"Elbow Grease Ligth Cream 1oz Quickie"},"content":{"rendered":"<p><span>Una versi\u00f3n m\u00e1s delgada pero igualmente cremosa de nuestra f\u00f3rmula original para aquellos que la prefieren.\u00a0<\/span><span>Sin perfume, esta f\u00f3rmula a base de aceite mineral minimiza la fricci\u00f3n y aumenta dr\u00e1sticamente el deslizamiento.<\/span><\/p>\n","protected":false},"excerpt":{"rendered":"Crema anal dilatadora formula ligera","protected":false},"featured_media":12280,"comment_status":"open","ping_status":"closed","template":"","meta":[],"product_cat":[72,173,56],"product_tag":[204,112],"_links":{"self":[{"href":"https:\/\/sexshopzagues.com.mx\/tienda\/index.php?rest_route=\/wp\/v2\/product\/12279"}],"collection":[{"href":"https:\/\/sexshopzagues.com.mx\/tienda\/index.php?rest_route=\/wp\/v2\/product"}],"about":[{"href":"https:\/\/sexshopzagues.com.mx\/tienda\/index.php?rest_route=\/wp\/v2\/types\/product"}],"replies":[{"embeddable":true,"href":"https:\/\/sexshopzagues.com.mx\/tienda\/index.php?rest_route=%2Fwp%2Fv2%2Fcomments&post=12279"}],"wp:featuredmedia":[{"embeddable":true,"href":"https:\/\/sexshopzagues.com.mx\/tienda\/index.php?rest_route=\/wp\/v2\/media\/12280"}],"wp:attachment":[{"href":"https:\/\/sexshopzagues.com.mx\/tienda\/index.php?rest_route=%2Fwp%2Fv2%2Fmedia&parent=12279"}],"wp:term":[{"taxonomy":"product_cat","embeddable":true,"href":"https:\/\/sexshopzagues.com.mx\/tienda\/index.php?rest_route=%2Fwp%2Fv2%2Fproduct_cat&post=12279"},{"taxonomy":"product_tag","embeddable":true,"href":"https:\/\/sexshopzagues.com.mx\/tienda\/index.php?rest_route=%2Fwp%2Fv2%2Fproduct_tag&post=12279"}],"curies":[{"name":"wp","href":"https:\/\/api.w.org\/{rel}","templated":true}]}}