{"id":12257,"date":"2020-01-24T22:06:48","date_gmt":"2020-01-24T22:06:48","guid":{"rendered":"https:\/\/sexshopzagues.com.mx\/tienda\/?post_type=product&#038;p=12257"},"modified":"2023-02-23T22:41:57","modified_gmt":"2023-02-23T22:41:57","slug":"wet-dreams-deep-snake-black","status":"publish","type":"product","link":"https:\/\/sexshopzagues.com.mx\/tienda\/?product=wet-dreams-deep-snake-black","title":{"rendered":"WET DREAMS-DEEP SNAKE- BLACK"},"content":{"rendered":"<p><span>\u00a1Ll\u00e9valo al &#8220;EXTREMO&#8221; con la &#8220;Serpiente profunda&#8221;!\u00a0\u00a1La serpiente profunda est\u00e1 dise\u00f1ada espec\u00edficamente para promover erecciones m\u00e1s duraderas con su banda de pene de agarre seguro!\u00a0\u00a1Tambi\u00e9n estimula el flujo de sangre al pene con su potente Mega Bullet vibrante!\u00a0\u00bfTe sientes m\u00e1s &#8220;aventurero&#8221;?\u00a0\u00a1Simplemente encienda el motor al final de la cola e inserte las cuentas de placer todo lo que pueda!\u00a0\u00a1Mira cu\u00e1nto puedes tomar &#8230; con la &#8220;serpiente profunda&#8221; &#8230; y prep\u00e1rate para el placer al &#8220;EXTREMO&#8221;!<\/span><span style=\"font-family: Helvetica;\"><span style=\"font-size: small;\"><br \/>\n<\/span><\/span><\/p>\n<h3><span style=\"font-family: Helvetica;\"><span>caracteristicas:<\/span><\/span><\/h3>\n<ul>\n<li><span>Silicona s\u00faper suave libre de ftalatos<\/span><\/li>\n<li><span>Bater\u00eda cambiable incluida<\/span><\/li>\n<li><span>Potente motor promueve el placer org\u00e1smico<\/span><\/li>\n<li><span>Un tama\u00f1o para todos los anillos de pene<\/span><\/li>\n<\/ul>\n","protected":false},"excerpt":{"rendered":"Anillo para pene con vibracion y cola incertable para mayor placer.","protected":false},"featured_media":12259,"comment_status":"open","ping_status":"closed","template":"","meta":[],"product_cat":[72,159,62],"product_tag":[],"_links":{"self":[{"href":"https:\/\/sexshopzagues.com.mx\/tienda\/index.php?rest_route=\/wp\/v2\/product\/12257"}],"collection":[{"href":"https:\/\/sexshopzagues.com.mx\/tienda\/index.php?rest_route=\/wp\/v2\/product"}],"about":[{"href":"https:\/\/sexshopzagues.com.mx\/tienda\/index.php?rest_route=\/wp\/v2\/types\/product"}],"replies":[{"embeddable":true,"href":"https:\/\/sexshopzagues.com.mx\/tienda\/index.php?rest_route=%2Fwp%2Fv2%2Fcomments&post=12257"}],"wp:featuredmedia":[{"embeddable":true,"href":"https:\/\/sexshopzagues.com.mx\/tienda\/index.php?rest_route=\/wp\/v2\/media\/12259"}],"wp:attachment":[{"href":"https:\/\/sexshopzagues.com.mx\/tienda\/index.php?rest_route=%2Fwp%2Fv2%2Fmedia&parent=12257"}],"wp:term":[{"taxonomy":"product_cat","embeddable":true,"href":"https:\/\/sexshopzagues.com.mx\/tienda\/index.php?rest_route=%2Fwp%2Fv2%2Fproduct_cat&post=12257"},{"taxonomy":"product_tag","embeddable":true,"href":"https:\/\/sexshopzagues.com.mx\/tienda\/index.php?rest_route=%2Fwp%2Fv2%2Fproduct_tag&post=12257"}],"curies":[{"name":"wp","href":"https:\/\/api.w.org\/{rel}","templated":true}]}}