{"id":12113,"date":"2019-09-14T00:13:12","date_gmt":"2019-09-14T00:13:12","guid":{"rendered":"https:\/\/sexshopzagues.com.mx\/tienda\/?post_type=product&#038;p=12113"},"modified":"2023-02-23T22:47:10","modified_gmt":"2023-02-23T22:47:10","slug":"kegel-training-set-mango","status":"publish","type":"product","link":"https:\/\/sexshopzagues.com.mx\/tienda\/?product=kegel-training-set-mango","title":{"rendered":"KEGEL TRAINING SET MANGO"},"content":{"rendered":"<p><span>Revitaliza y fortalece los m\u00fasculos del amor con el exclusivo juego de entrenamiento Lemon Kegel de 3 piezas.\u00a0Proporcione a los m\u00fasculos del piso p\u00e9lvico el entrenamiento que han estado ansiando con 3 ejercitadores graduados para aumentar suavemente la intensidad del ejercicio y el placer sexual.\u00a0El conjunto de 3 piezas incluye un peso de 45 g, 60 gy 75 g y una rutina de entrenamiento completa.<\/span><\/p>\n<p><span>Mientras que los peque\u00f1os pesos trabajan para aumentar la excitaci\u00f3n sexual, el tono suave y fortalecer los m\u00fasculos p\u00e9lvicos.\u00a0Al trabajar esos m\u00fasculos clave del amor, reduce el riesgo de trastornos del piso p\u00e9lvico o incontinencia, al tiempo que aumenta el placer er\u00f3tico.\u00a0Las pesas Kegel individuales est\u00e1n hechas de una silicona higi\u00e9nicamente superior.\u00a0Este material seguro para el cuerpo no tiene perfume y no contiene ftalato para mantener sus puntos m\u00e1s sensibles felices y saludables<\/span><\/p>\n","protected":false},"excerpt":{"rendered":"Bolas Kegel para ejercitar el suelo pelvico","protected":false},"featured_media":12114,"comment_status":"open","ping_status":"closed","template":"","meta":[],"product_cat":[164,72,53],"product_tag":[110,75,165],"_links":{"self":[{"href":"https:\/\/sexshopzagues.com.mx\/tienda\/index.php?rest_route=\/wp\/v2\/product\/12113"}],"collection":[{"href":"https:\/\/sexshopzagues.com.mx\/tienda\/index.php?rest_route=\/wp\/v2\/product"}],"about":[{"href":"https:\/\/sexshopzagues.com.mx\/tienda\/index.php?rest_route=\/wp\/v2\/types\/product"}],"replies":[{"embeddable":true,"href":"https:\/\/sexshopzagues.com.mx\/tienda\/index.php?rest_route=%2Fwp%2Fv2%2Fcomments&post=12113"}],"wp:featuredmedia":[{"embeddable":true,"href":"https:\/\/sexshopzagues.com.mx\/tienda\/index.php?rest_route=\/wp\/v2\/media\/12114"}],"wp:attachment":[{"href":"https:\/\/sexshopzagues.com.mx\/tienda\/index.php?rest_route=%2Fwp%2Fv2%2Fmedia&parent=12113"}],"wp:term":[{"taxonomy":"product_cat","embeddable":true,"href":"https:\/\/sexshopzagues.com.mx\/tienda\/index.php?rest_route=%2Fwp%2Fv2%2Fproduct_cat&post=12113"},{"taxonomy":"product_tag","embeddable":true,"href":"https:\/\/sexshopzagues.com.mx\/tienda\/index.php?rest_route=%2Fwp%2Fv2%2Fproduct_tag&post=12113"}],"curies":[{"name":"wp","href":"https:\/\/api.w.org\/{rel}","templated":true}]}}