{"id":12048,"date":"2019-09-10T23:27:01","date_gmt":"2019-09-10T23:27:01","guid":{"rendered":"https:\/\/sexshopzagues.com.mx\/tienda\/?post_type=product&#038;p=12048"},"modified":"2023-02-23T22:49:29","modified_gmt":"2023-02-23T22:49:29","slug":"real-feel-deluxe-4-flesh","status":"publish","type":"product","link":"https:\/\/sexshopzagues.com.mx\/tienda\/?product=real-feel-deluxe-4-flesh","title":{"rendered":"REAL FEEL DELUXE # 4 FLESH"},"content":{"rendered":"<p>REAL FEEL DELUXE # 4 FLESH<\/p>\n<p>PD1514-21<\/p>\n<p>Disfruta de la &#8220;sensaci\u00f3n real&#8221; de una piel suave y aterciopelada con este ambiente incre\u00edblemente realista. Meticulosamente dise\u00f1ado con una cabeza pronunciada, venas abultadas y bolas colgantes, las formas, texturas y colores s\u00faper realistas de esta vibra realmente se ven y se sienten como en la realidad. Hecho con Fanta Flesh sin ftalatos, este material blando imita la suavidad de la piel real y es completamente seguro para el cuerpo.<\/p>\n<p>\u00a1La base de ventosa ultra fuerte se adhiere a casi cualquier superficie lisa y plana para un buen momento para golpear la pared! P\u00e9guelo en el piso, pared, baldosa o poste de la cama: la ventosa s\u00faper fuerte se mantendr\u00e1 segura en su lugar durante cada empuje apasionado, y cuenta con una leng\u00fceta de liberaci\u00f3n r\u00e1pida para quitarla f\u00e1cilmente. La robusta ventosa se dobla como una base compatible con arn\u00e9s que permanece ajustada en su lugar incluso cuando la acci\u00f3n se calienta. \u00a1Use este consolador vibrante con cualquier arn\u00e9s de la serie Fetish Fantasy para obtener la experiencia m\u00e1s c\u00f3moda y realista de la correa!<\/p>\n<p>Inserte las bater\u00edas necesarias, atornille la base completamente hasta que est\u00e9 apretada, y la vibraci\u00f3n se activar\u00e1 de inmediato para ofrecer vibraciones potentes para el orgasmo m\u00e1s intenso que jam\u00e1s haya imaginado. Para apagarlo, simplemente desenrosque la tapa y la vibraci\u00f3n se apagar\u00e1.<\/p>\n<p>\u00a1Tome este ambiente completamente impermeable en la ducha, el jacuzzi o el spa y convierta la hora del ba\u00f1o en un momento de placer! Use un mont\u00f3n de loci\u00f3n corporal h\u00fameda para una experiencia extra h\u00fameda y salvaje. La limpieza es instant\u00e1nea despu\u00e9s de la diversi\u00f3n con Pipedream Toy Cleaner y agua tibia.<\/p>\n<p>Longitud insertable: 6,3 pulg. (16 cm)<br \/>\nDi\u00e1metro: 2,3 pulg. (5,8 cm)<\/p>\n","protected":false},"excerpt":{"rendered":"REAL FEEL DELUXE # 4 FLESH PD1514-21 Disfruta de la &#8220;sensaci\u00f3n real&#8221; de una piel suave y aterciopelada con este ambiente incre\u00edblemente realista. Meticulosamente dise\u00f1ado con una cabeza pronunciada, venas abultadas y bolas colgantes, las formas, texturas y colores s\u00faper realistas de esta vibra realmente se ven y se sienten como en la realidad. Hecho [&hellip;]","protected":false},"featured_media":12049,"comment_status":"open","ping_status":"closed","template":"","meta":[],"product_cat":[57],"product_tag":[96,82,76],"_links":{"self":[{"href":"https:\/\/sexshopzagues.com.mx\/tienda\/index.php?rest_route=\/wp\/v2\/product\/12048"}],"collection":[{"href":"https:\/\/sexshopzagues.com.mx\/tienda\/index.php?rest_route=\/wp\/v2\/product"}],"about":[{"href":"https:\/\/sexshopzagues.com.mx\/tienda\/index.php?rest_route=\/wp\/v2\/types\/product"}],"replies":[{"embeddable":true,"href":"https:\/\/sexshopzagues.com.mx\/tienda\/index.php?rest_route=%2Fwp%2Fv2%2Fcomments&post=12048"}],"wp:featuredmedia":[{"embeddable":true,"href":"https:\/\/sexshopzagues.com.mx\/tienda\/index.php?rest_route=\/wp\/v2\/media\/12049"}],"wp:attachment":[{"href":"https:\/\/sexshopzagues.com.mx\/tienda\/index.php?rest_route=%2Fwp%2Fv2%2Fmedia&parent=12048"}],"wp:term":[{"taxonomy":"product_cat","embeddable":true,"href":"https:\/\/sexshopzagues.com.mx\/tienda\/index.php?rest_route=%2Fwp%2Fv2%2Fproduct_cat&post=12048"},{"taxonomy":"product_tag","embeddable":true,"href":"https:\/\/sexshopzagues.com.mx\/tienda\/index.php?rest_route=%2Fwp%2Fv2%2Fproduct_tag&post=12048"}],"curies":[{"name":"wp","href":"https:\/\/api.w.org\/{rel}","templated":true}]}}