{"id":11965,"date":"2019-02-15T19:50:20","date_gmt":"2019-02-15T19:50:20","guid":{"rendered":"http:\/\/sexshopzagues.com.mx\/tienda\/?post_type=product&#038;p=11965"},"modified":"2023-02-23T22:50:52","modified_gmt":"2023-02-23T22:50:52","slug":"dual-motor-clitoral-stimulator-fancy-black","status":"publish","type":"product","link":"https:\/\/sexshopzagues.com.mx\/tienda\/?product=dual-motor-clitoral-stimulator-fancy-black","title":{"rendered":"Dual Motor Clitoral Stimulator &#8211; Fancy &#8211; Black"},"content":{"rendered":"<p>El elegante estimulador de cl\u00edtoris cuenta con dos motores s\u00faper poderosos de F1 de nueva generaci\u00f3n, que vibran a una velocidad asombrosa de 10,500 rpm y 8,500 rpm. Cuenta con 10 funciones de vibraci\u00f3n \u00fanicas (7 patrones de vibraci\u00f3n, con 3 niveles de intensidad distintos) El FANCY est\u00e1 certificado por CE, hecho de silicona de grado m\u00e9dico suave al 100% sedoso, impermeable (IP67), extremadamente silencioso a menos de 60dB. Contiene una bater\u00eda recargable que cuando totalmente recargado, con su cable magn\u00e9tico USB, proporcionar\u00e1 60 minutos de tiempo de juego apasionado.<\/p>\n","protected":false},"excerpt":{"rendered":"Vibrador recargable estimulador de cl\u00edtoris.","protected":false},"featured_media":11966,"comment_status":"open","ping_status":"closed","template":"","meta":[],"product_cat":[57],"product_tag":[96,94,83,91,92,93,150],"_links":{"self":[{"href":"https:\/\/sexshopzagues.com.mx\/tienda\/index.php?rest_route=\/wp\/v2\/product\/11965"}],"collection":[{"href":"https:\/\/sexshopzagues.com.mx\/tienda\/index.php?rest_route=\/wp\/v2\/product"}],"about":[{"href":"https:\/\/sexshopzagues.com.mx\/tienda\/index.php?rest_route=\/wp\/v2\/types\/product"}],"replies":[{"embeddable":true,"href":"https:\/\/sexshopzagues.com.mx\/tienda\/index.php?rest_route=%2Fwp%2Fv2%2Fcomments&post=11965"}],"wp:featuredmedia":[{"embeddable":true,"href":"https:\/\/sexshopzagues.com.mx\/tienda\/index.php?rest_route=\/wp\/v2\/media\/11966"}],"wp:attachment":[{"href":"https:\/\/sexshopzagues.com.mx\/tienda\/index.php?rest_route=%2Fwp%2Fv2%2Fmedia&parent=11965"}],"wp:term":[{"taxonomy":"product_cat","embeddable":true,"href":"https:\/\/sexshopzagues.com.mx\/tienda\/index.php?rest_route=%2Fwp%2Fv2%2Fproduct_cat&post=11965"},{"taxonomy":"product_tag","embeddable":true,"href":"https:\/\/sexshopzagues.com.mx\/tienda\/index.php?rest_route=%2Fwp%2Fv2%2Fproduct_tag&post=11965"}],"curies":[{"name":"wp","href":"https:\/\/api.w.org\/{rel}","templated":true}]}}