{"id":11958,"date":"2019-02-12T19:32:00","date_gmt":"2019-02-12T19:32:00","guid":{"rendered":"http:\/\/sexshopzagues.com.mx\/tienda\/?post_type=product&#038;p=11958"},"modified":"2023-02-23T22:51:14","modified_gmt":"2023-02-23T22:51:14","slug":"performance-universal-pump-sleeve-anal-vanilla","status":"publish","type":"product","link":"https:\/\/sexshopzagues.com.mx\/tienda\/?product=performance-universal-pump-sleeve-anal-vanilla","title":{"rendered":"Performance &#8211; Universal Pump Sleeve &#8211; Anal &#8211; Vanilla"},"content":{"rendered":"<p>\u00a1La Universal Pump Sleeve de rendimiento ofrece la apariencia s\u00faper sexy de deslizarla por la puerta trasera! Esta funda anal est\u00e1 hecha de material de tacto real suave, el\u00e1stico y duradero. El material suave se siente c\u00f3modo cuando se desliza sobre su pene y est\u00e1 hecho de TPE libre de ftalatos, seguro para el cuerpo. Su nueva manga tambi\u00e9n garantiza un cierre herm\u00e9tico cuando su pene se inserta en el cilindro de la bomba. \u00a1Es la manera perfecta de llevar tu juego de la bomba al siguiente nivel! Echa un vistazo a nuestra colecci\u00f3n completa de bombas de rendimiento y accesorios de bombas de rendimiento.<\/p>\n","protected":false},"excerpt":{"rendered":"Reemplazo para bomba de vac\u00edo tipo masturbador","protected":false},"featured_media":11959,"comment_status":"open","ping_status":"closed","template":"","meta":[],"product_cat":[60,53],"product_tag":[80,82],"_links":{"self":[{"href":"https:\/\/sexshopzagues.com.mx\/tienda\/index.php?rest_route=\/wp\/v2\/product\/11958"}],"collection":[{"href":"https:\/\/sexshopzagues.com.mx\/tienda\/index.php?rest_route=\/wp\/v2\/product"}],"about":[{"href":"https:\/\/sexshopzagues.com.mx\/tienda\/index.php?rest_route=\/wp\/v2\/types\/product"}],"replies":[{"embeddable":true,"href":"https:\/\/sexshopzagues.com.mx\/tienda\/index.php?rest_route=%2Fwp%2Fv2%2Fcomments&post=11958"}],"wp:featuredmedia":[{"embeddable":true,"href":"https:\/\/sexshopzagues.com.mx\/tienda\/index.php?rest_route=\/wp\/v2\/media\/11959"}],"wp:attachment":[{"href":"https:\/\/sexshopzagues.com.mx\/tienda\/index.php?rest_route=%2Fwp%2Fv2%2Fmedia&parent=11958"}],"wp:term":[{"taxonomy":"product_cat","embeddable":true,"href":"https:\/\/sexshopzagues.com.mx\/tienda\/index.php?rest_route=%2Fwp%2Fv2%2Fproduct_cat&post=11958"},{"taxonomy":"product_tag","embeddable":true,"href":"https:\/\/sexshopzagues.com.mx\/tienda\/index.php?rest_route=%2Fwp%2Fv2%2Fproduct_tag&post=11958"}],"curies":[{"name":"wp","href":"https:\/\/api.w.org\/{rel}","templated":true}]}}