{"id":11658,"date":"2018-10-10T18:19:01","date_gmt":"2018-10-10T18:19:01","guid":{"rendered":"http:\/\/sexshopzagues.com.mx\/tienda\/?post_type=product&#038;p=11658"},"modified":"2023-02-23T23:07:39","modified_gmt":"2023-02-23T23:07:39","slug":"anal-plug-medium","status":"publish","type":"product","link":"https:\/\/sexshopzagues.com.mx\/tienda\/?product=anal-plug-medium","title":{"rendered":"Anal Plug Medium"},"content":{"rendered":"<p>Plug anal de material suave y flexible, firmeza ideal que te dar\u00e1 una experiencia incre\u00edble, cuenta con base para f\u00e1cil inserci\u00f3n y extracci\u00f3n.<\/p>\n<p>Medidas:\u00a0<em>13.5cm x 4.5cm<\/em><\/p>\n<p>Y tu est\u00e1s list@ para el tama\u00f1o de Rubicon?<\/p>\n","protected":false},"excerpt":{"rendered":"Plug anal con base","protected":false},"featured_media":11659,"comment_status":"open","ping_status":"closed","template":"","meta":[],"product_cat":[56],"product_tag":[77],"_links":{"self":[{"href":"https:\/\/sexshopzagues.com.mx\/tienda\/index.php?rest_route=\/wp\/v2\/product\/11658"}],"collection":[{"href":"https:\/\/sexshopzagues.com.mx\/tienda\/index.php?rest_route=\/wp\/v2\/product"}],"about":[{"href":"https:\/\/sexshopzagues.com.mx\/tienda\/index.php?rest_route=\/wp\/v2\/types\/product"}],"replies":[{"embeddable":true,"href":"https:\/\/sexshopzagues.com.mx\/tienda\/index.php?rest_route=%2Fwp%2Fv2%2Fcomments&post=11658"}],"wp:featuredmedia":[{"embeddable":true,"href":"https:\/\/sexshopzagues.com.mx\/tienda\/index.php?rest_route=\/wp\/v2\/media\/11659"}],"wp:attachment":[{"href":"https:\/\/sexshopzagues.com.mx\/tienda\/index.php?rest_route=%2Fwp%2Fv2%2Fmedia&parent=11658"}],"wp:term":[{"taxonomy":"product_cat","embeddable":true,"href":"https:\/\/sexshopzagues.com.mx\/tienda\/index.php?rest_route=%2Fwp%2Fv2%2Fproduct_cat&post=11658"},{"taxonomy":"product_tag","embeddable":true,"href":"https:\/\/sexshopzagues.com.mx\/tienda\/index.php?rest_route=%2Fwp%2Fv2%2Fproduct_tag&post=11658"}],"curies":[{"name":"wp","href":"https:\/\/api.w.org\/{rel}","templated":true}]}}