{"id":11628,"date":"2018-09-21T14:13:29","date_gmt":"2018-09-21T14:13:29","guid":{"rendered":"http:\/\/sexshopzagues.com.mx\/tienda\/?post_type=product&#038;p=11628"},"modified":"2023-02-23T23:08:19","modified_gmt":"2023-02-23T23:08:19","slug":"king-cock-6-uncut-cock-flesh","status":"publish","type":"product","link":"https:\/\/sexshopzagues.com.mx\/tienda\/?product=king-cock-6-uncut-cock-flesh","title":{"rendered":"King Cock 6&#8243; Uncut Cock &#8211; Flesh"},"content":{"rendered":"<p>No todos los dildos est\u00e1n creados de la misma manera, estos King Cock te llenar\u00e1n de fantas\u00edas gracias a su material que simula la piel.<\/p>\n<p>Cuenta con un prepucio retr\u00e1ctil para que parezca lo m\u00e1s real posible. Fabricado a mano te har\u00e1 experimentar una estimulaci\u00f3n incre\u00edble. Gracias a su fuerte ventosa lo podr\u00e1s poner en casi cualquier superficie y es compatible con arneses.<\/p>\n<p>Es totalmente libre de l\u00e1tex y ftalatos. Creado con los materiales m\u00e1s innovadores para crear as\u00ed el pene retr\u00e1ctil m\u00e1s exitoso del mercado. Estos dildos est\u00e1n fabricados a mano con la m\u00e1s estricta atenci\u00f3n al detalle.<\/p>\n<p>Caracter\u00edsticas:<\/p>\n<p>Realista<br \/>\nGlande Retr\u00e1ctil<br \/>\nFuerte ventosa<br \/>\nCompatible con arneses<br \/>\nLibre de ftalatos y l\u00e1tex<br \/>\nMedidas:<\/p>\n<p>Longitud: 17 cm<br \/>\nLongitud insertable: 15 cm<br \/>\nAncho: 3.8 cm<\/p>\n","protected":false},"excerpt":{"rendered":"Dildo realista con prepucio deslizable, glande retractil","protected":false},"featured_media":11629,"comment_status":"open","ping_status":"closed","template":"","meta":[],"product_cat":[58],"product_tag":[118,82,76],"_links":{"self":[{"href":"https:\/\/sexshopzagues.com.mx\/tienda\/index.php?rest_route=\/wp\/v2\/product\/11628"}],"collection":[{"href":"https:\/\/sexshopzagues.com.mx\/tienda\/index.php?rest_route=\/wp\/v2\/product"}],"about":[{"href":"https:\/\/sexshopzagues.com.mx\/tienda\/index.php?rest_route=\/wp\/v2\/types\/product"}],"replies":[{"embeddable":true,"href":"https:\/\/sexshopzagues.com.mx\/tienda\/index.php?rest_route=%2Fwp%2Fv2%2Fcomments&post=11628"}],"wp:featuredmedia":[{"embeddable":true,"href":"https:\/\/sexshopzagues.com.mx\/tienda\/index.php?rest_route=\/wp\/v2\/media\/11629"}],"wp:attachment":[{"href":"https:\/\/sexshopzagues.com.mx\/tienda\/index.php?rest_route=%2Fwp%2Fv2%2Fmedia&parent=11628"}],"wp:term":[{"taxonomy":"product_cat","embeddable":true,"href":"https:\/\/sexshopzagues.com.mx\/tienda\/index.php?rest_route=%2Fwp%2Fv2%2Fproduct_cat&post=11628"},{"taxonomy":"product_tag","embeddable":true,"href":"https:\/\/sexshopzagues.com.mx\/tienda\/index.php?rest_route=%2Fwp%2Fv2%2Fproduct_tag&post=11628"}],"curies":[{"name":"wp","href":"https:\/\/api.w.org\/{rel}","templated":true}]}}