{"id":11559,"date":"2018-09-19T20:22:25","date_gmt":"2018-09-19T20:22:25","guid":{"rendered":"http:\/\/sexshopzagues.com.mx\/tienda\/?post_type=product&#038;p=11559"},"modified":"2023-02-23T23:11:50","modified_gmt":"2023-02-23T23:11:50","slug":"natural-realskin-hot-cock-3-brown","status":"publish","type":"product","link":"https:\/\/sexshopzagues.com.mx\/tienda\/?product=natural-realskin-hot-cock-3-brown","title":{"rendered":"Natural Realskin Hot Cock #3 &#8211; Brown"},"content":{"rendered":"<p>Super vibrador de textura real. Lleva las sensaciones al m\u00e1ximo, se calienta a m\u00e1s de 45\u00b0, es flexible y cuenta con 12 incre\u00edbles funciones. Libre de ftalatos. Recargable. Medidas: 20.3cm (insertables) x 5.8cm. Multiposici\u00f3n, col\u00f3calo como tu quieras!<\/p>\n","protected":false},"excerpt":{"rendered":"Vibrador de textura real, 12 frecuencias, recargable.","protected":false},"featured_media":11560,"comment_status":"open","ping_status":"closed","template":"","meta":[],"product_cat":[57],"product_tag":[91,82,78,93],"_links":{"self":[{"href":"https:\/\/sexshopzagues.com.mx\/tienda\/index.php?rest_route=\/wp\/v2\/product\/11559"}],"collection":[{"href":"https:\/\/sexshopzagues.com.mx\/tienda\/index.php?rest_route=\/wp\/v2\/product"}],"about":[{"href":"https:\/\/sexshopzagues.com.mx\/tienda\/index.php?rest_route=\/wp\/v2\/types\/product"}],"replies":[{"embeddable":true,"href":"https:\/\/sexshopzagues.com.mx\/tienda\/index.php?rest_route=%2Fwp%2Fv2%2Fcomments&post=11559"}],"wp:featuredmedia":[{"embeddable":true,"href":"https:\/\/sexshopzagues.com.mx\/tienda\/index.php?rest_route=\/wp\/v2\/media\/11560"}],"wp:attachment":[{"href":"https:\/\/sexshopzagues.com.mx\/tienda\/index.php?rest_route=%2Fwp%2Fv2%2Fmedia&parent=11559"}],"wp:term":[{"taxonomy":"product_cat","embeddable":true,"href":"https:\/\/sexshopzagues.com.mx\/tienda\/index.php?rest_route=%2Fwp%2Fv2%2Fproduct_cat&post=11559"},{"taxonomy":"product_tag","embeddable":true,"href":"https:\/\/sexshopzagues.com.mx\/tienda\/index.php?rest_route=%2Fwp%2Fv2%2Fproduct_tag&post=11559"}],"curies":[{"name":"wp","href":"https:\/\/api.w.org\/{rel}","templated":true}]}}