{"id":11331,"date":"2018-09-02T03:41:23","date_gmt":"2018-09-02T03:41:23","guid":{"rendered":"http:\/\/sexshopzagues.com.mx\/tienda\/?post_type=product&#038;p=11331"},"modified":"2023-02-23T23:14:17","modified_gmt":"2023-02-23T23:14:17","slug":"skinsations-kong","status":"publish","type":"product","link":"https:\/\/sexshopzagues.com.mx\/tienda\/?product=skinsations-kong","title":{"rendered":"Skinsations &#8211; Kong"},"content":{"rendered":"<p>Cuando desee experimentar lo \u00faltimo en encuentros sexuales realistas, SKINSATIONS satisfar\u00e1 todas sus necesidades. Algunas de las incre\u00edbles caracter\u00edsticas incluyen un dise\u00f1o contorneado estrat\u00e9gico, cabeza de forma mejorada, venas pronunciadas y una piel ultra suave y realista. \u00a1Este consolador se ve y se siente como el verdadero! \u00a1Viene completo con una base de s\u00faper ventosa que se adhiere a casi cualquier superficie lisa y plana para un buen momento apasionante! \u00a1S\u00e1calo, p\u00e9galo y deja que comiencen los golpes! Hecho con TPE libre de ftalato\u00a1<\/p>\n<p>Tambi\u00e9n puede disfrutar SKINSATIONS, en la ducha, la ba\u00f1era de hidromasaje o el spa y convertir el tiempo de ba\u00f1o en tiempo de juego!<\/p>\n<p>Medidas: 18cm insertables x 5cm de ancho.<\/p>\n","protected":false},"excerpt":{"rendered":"Dildo realista, con ventosa.","protected":false},"featured_media":11335,"comment_status":"open","ping_status":"closed","template":"","meta":[],"product_cat":[58],"product_tag":[96,84,79,118,82,85],"_links":{"self":[{"href":"https:\/\/sexshopzagues.com.mx\/tienda\/index.php?rest_route=\/wp\/v2\/product\/11331"}],"collection":[{"href":"https:\/\/sexshopzagues.com.mx\/tienda\/index.php?rest_route=\/wp\/v2\/product"}],"about":[{"href":"https:\/\/sexshopzagues.com.mx\/tienda\/index.php?rest_route=\/wp\/v2\/types\/product"}],"replies":[{"embeddable":true,"href":"https:\/\/sexshopzagues.com.mx\/tienda\/index.php?rest_route=%2Fwp%2Fv2%2Fcomments&post=11331"}],"wp:featuredmedia":[{"embeddable":true,"href":"https:\/\/sexshopzagues.com.mx\/tienda\/index.php?rest_route=\/wp\/v2\/media\/11335"}],"wp:attachment":[{"href":"https:\/\/sexshopzagues.com.mx\/tienda\/index.php?rest_route=%2Fwp%2Fv2%2Fmedia&parent=11331"}],"wp:term":[{"taxonomy":"product_cat","embeddable":true,"href":"https:\/\/sexshopzagues.com.mx\/tienda\/index.php?rest_route=%2Fwp%2Fv2%2Fproduct_cat&post=11331"},{"taxonomy":"product_tag","embeddable":true,"href":"https:\/\/sexshopzagues.com.mx\/tienda\/index.php?rest_route=%2Fwp%2Fv2%2Fproduct_tag&post=11331"}],"curies":[{"name":"wp","href":"https:\/\/api.w.org\/{rel}","templated":true}]}}