{"id":11329,"date":"2018-09-02T03:24:38","date_gmt":"2018-09-02T03:24:38","guid":{"rendered":"http:\/\/sexshopzagues.com.mx\/tienda\/?post_type=product&#038;p=11329"},"modified":"2023-02-23T23:14:45","modified_gmt":"2023-02-23T23:14:45","slug":"wet-dreams-go-deep-anal-probe-clear","status":"publish","type":"product","link":"https:\/\/sexshopzagues.com.mx\/tienda\/?product=wet-dreams-go-deep-anal-probe-clear","title":{"rendered":"Wet dreams &#8211; Go Deep Anal Probe &#8211; clear"},"content":{"rendered":"<p>Plug anal con vibraci\u00f3n, su forma facilitar\u00e1 la penetraci\u00f3n dilatando poco a poco el ano, cuenta con base para una f\u00e1cil extracci\u00f3n y uso seguro del plug.<\/p>\n<ul>\n<li>Material tipo Gel, flexible y seguro para el cuerpo.<\/li>\n<li>Requiere 3 bater\u00edas LR44, inclu\u00eddas<\/li>\n<li>A prueba de agua<\/li>\n<\/ul>\n","protected":false},"excerpt":{"rendered":"Plug anal con vibraci\u00f3n.","protected":false},"featured_media":11330,"comment_status":"open","ping_status":"closed","template":"","meta":[],"product_cat":[56],"product_tag":[96,79],"_links":{"self":[{"href":"https:\/\/sexshopzagues.com.mx\/tienda\/index.php?rest_route=\/wp\/v2\/product\/11329"}],"collection":[{"href":"https:\/\/sexshopzagues.com.mx\/tienda\/index.php?rest_route=\/wp\/v2\/product"}],"about":[{"href":"https:\/\/sexshopzagues.com.mx\/tienda\/index.php?rest_route=\/wp\/v2\/types\/product"}],"replies":[{"embeddable":true,"href":"https:\/\/sexshopzagues.com.mx\/tienda\/index.php?rest_route=%2Fwp%2Fv2%2Fcomments&post=11329"}],"wp:featuredmedia":[{"embeddable":true,"href":"https:\/\/sexshopzagues.com.mx\/tienda\/index.php?rest_route=\/wp\/v2\/media\/11330"}],"wp:attachment":[{"href":"https:\/\/sexshopzagues.com.mx\/tienda\/index.php?rest_route=%2Fwp%2Fv2%2Fmedia&parent=11329"}],"wp:term":[{"taxonomy":"product_cat","embeddable":true,"href":"https:\/\/sexshopzagues.com.mx\/tienda\/index.php?rest_route=%2Fwp%2Fv2%2Fproduct_cat&post=11329"},{"taxonomy":"product_tag","embeddable":true,"href":"https:\/\/sexshopzagues.com.mx\/tienda\/index.php?rest_route=%2Fwp%2Fv2%2Fproduct_tag&post=11329"}],"curies":[{"name":"wp","href":"https:\/\/api.w.org\/{rel}","templated":true}]}}