{"id":11254,"date":"2018-07-09T20:17:30","date_gmt":"2018-07-09T20:17:30","guid":{"rendered":"http:\/\/sexshopzagues.com.mx\/tienda\/?post_type=product&#038;p=11254"},"modified":"2023-02-24T20:31:58","modified_gmt":"2023-02-24T20:31:58","slug":"pipedream-extreme-toyz-dirty-talk-interactive-bad-girl","status":"publish","type":"product","link":"https:\/\/sexshopzagues.com.mx\/tienda\/?product=pipedream-extreme-toyz-dirty-talk-interactive-bad-girl","title":{"rendered":"Pipedream Extreme Toyz Dirty Talk Interactive Bad Girl"},"content":{"rendered":"<div style=\"width: 640px;\" class=\"wp-video\"><!--[if lt IE 9]><script>document.createElement('video');<\/script><![endif]-->\n<video class=\"wp-video-shortcode\" id=\"video-11254-1\" width=\"640\" height=\"360\" preload=\"metadata\" controls=\"controls\"><source type=\"video\/mp4\" src=\"https:\/\/www.pipedreamproducts.com\/pdtv_videos_hd\/pdtvhdvideo_0000002463.mp4?_=1\" \/><a href=\"https:\/\/www.pipedreamproducts.com\/pdtv_videos_hd\/pdtvhdvideo_0000002463.mp4\">https:\/\/www.pipedreamproducts.com\/pdtv_videos_hd\/pdtvhdvideo_0000002463.mp4<\/a><\/video><\/div>\n<p>Prep\u00e1rate para mont\u00e1rtelo como nunca antes. Te presentamos a la serie Dirty talk de los masturbadores Fuck me silly, los primeros interactivos de PIpedreams Extrem Toyz. Hemos combinado\u00a0un increible masturbador Fanta Flesh con una super sexy voz y potent\u00edsimas vibraciones, para que vivas una experiencia sensorial inolvidable. Una vez que toques su piel real\u00edstica y escuches su sensual\u00a0voz no ser\u00e1s capaz de quit\u00e1rtela de la cabeza.<\/p>\n<p>Toda la serie All Dirty Talk se componen de un altavoz recargable que te dir\u00e1 cositas con las que solo querr\u00e1s todo el tiempo usar tu Fuck me Silly. Con nuestra exclusiva tecnolog\u00eda, esta sucia chica te dir\u00e1 lo bueno que eres y que le des m\u00e1s. A m\u00e1s intensidad le des, m\u00e1s chillar\u00e1 y gemir\u00e1.<\/p>\n<p>Pero no hace ru\u00eddo, ella env\u00eda increibles vibraciones cada vez que ella habla. Usando una potente micro bala en el sensor interno, te vibrar\u00e1 a la vez que ella habla y que tu la muevas.<\/p>\n<p>Dale duro y escuhca como disfruta. Ella te dice exactamente lo que te gusta oir y no parar\u00e1 de hablar hasta que tu termines de darle lo suyo. Ella es toda tuya y siempre est\u00e1 lista para la diversi\u00f3n, as\u00ed que \u00bfa qu\u00e9 esperas? Fabricada con la Formula Fanta Flash es super suave por dentro, como si fuera real. Adem\u00e1s no tiene ftalatos ni l\u00e1tex, imitando a la piel real, no notar\u00e1s la diferencia.<\/p>\n<ul>\n<li>Medidas: 235 x 152 x184 mm<\/li>\n<li>Longitud insertable en vagina : 127 mm<\/li>\n<li>Longitud insertable en ano: 114 cm<\/li>\n<li>Peso; 3.4 kgr<\/li>\n<li>F\u00e1cil de limpiar con limpiador de juguetes y agua tibia.<\/li>\n<li>No introducir bajo agua.<\/li>\n<li>USB Recargable<\/li>\n<\/ul>\n","protected":false},"excerpt":{"rendered":"Masturbador real\u00edsta ano y vagina, interactivo, con sonido.","protected":false},"featured_media":11255,"comment_status":"open","ping_status":"closed","template":"","meta":[],"product_cat":[72,66],"product_tag":[82,76],"_links":{"self":[{"href":"https:\/\/sexshopzagues.com.mx\/tienda\/index.php?rest_route=\/wp\/v2\/product\/11254"}],"collection":[{"href":"https:\/\/sexshopzagues.com.mx\/tienda\/index.php?rest_route=\/wp\/v2\/product"}],"about":[{"href":"https:\/\/sexshopzagues.com.mx\/tienda\/index.php?rest_route=\/wp\/v2\/types\/product"}],"replies":[{"embeddable":true,"href":"https:\/\/sexshopzagues.com.mx\/tienda\/index.php?rest_route=%2Fwp%2Fv2%2Fcomments&post=11254"}],"wp:featuredmedia":[{"embeddable":true,"href":"https:\/\/sexshopzagues.com.mx\/tienda\/index.php?rest_route=\/wp\/v2\/media\/11255"}],"wp:attachment":[{"href":"https:\/\/sexshopzagues.com.mx\/tienda\/index.php?rest_route=%2Fwp%2Fv2%2Fmedia&parent=11254"}],"wp:term":[{"taxonomy":"product_cat","embeddable":true,"href":"https:\/\/sexshopzagues.com.mx\/tienda\/index.php?rest_route=%2Fwp%2Fv2%2Fproduct_cat&post=11254"},{"taxonomy":"product_tag","embeddable":true,"href":"https:\/\/sexshopzagues.com.mx\/tienda\/index.php?rest_route=%2Fwp%2Fv2%2Fproduct_tag&post=11254"}],"curies":[{"name":"wp","href":"https:\/\/api.w.org\/{rel}","templated":true}]}}