{"id":11238,"date":"2018-07-07T22:31:43","date_gmt":"2018-07-07T22:31:43","guid":{"rendered":"http:\/\/sexshopzagues.com.mx\/tienda\/?post_type=product&#038;p=11238"},"modified":"2023-02-24T20:37:36","modified_gmt":"2023-02-24T20:37:36","slug":"dillio-8-dillio-purple","status":"publish","type":"product","link":"https:\/\/sexshopzagues.com.mx\/tienda\/?product=dillio-8-dillio-purple","title":{"rendered":"Dillio 8&#8243; Dillio &#8211; Purple"},"content":{"rendered":"<p>La l\u00ednea Dillio de Pipedream, est\u00e1 dise\u00f1ada para alcanzar el lugar correcto en todo momento. Con una amplia variedad de longitudes, grosores y formas, \u00a1las posibilidades son infinitas!<\/p>\n<p>Cada Dillio cuenta con una base de ventosa superfuerte que se adhiere a casi cualquier superficie plana para divertirse con el wallbanging, y tambi\u00e9n ofrece compatibilidad con el arn\u00e9s de correa. \u00bfTe sientes aventurero? Prueba nuestros Dillios dobles o los arneses Dillio especialmente dise\u00f1ados con tu pareja favorita.<\/p>\n<p>Elaborado con caucho de la m\u00e1s alta calidad fabricado en los Estados Unidos, cada Dillio es 100% ftalato y libre de l\u00e1tex e hipoalerg\u00e9nico.<\/p>\n<p>Medidas: 20.3cm (insertables) x 4.8cm<\/p>\n","protected":false},"excerpt":{"rendered":"Dildo de goma, textura real\u00edstica. Hecho en EUA.","protected":false},"featured_media":11239,"comment_status":"open","ping_status":"closed","template":"","meta":[],"product_cat":[58],"product_tag":[84,92,118,76,85],"_links":{"self":[{"href":"https:\/\/sexshopzagues.com.mx\/tienda\/index.php?rest_route=\/wp\/v2\/product\/11238"}],"collection":[{"href":"https:\/\/sexshopzagues.com.mx\/tienda\/index.php?rest_route=\/wp\/v2\/product"}],"about":[{"href":"https:\/\/sexshopzagues.com.mx\/tienda\/index.php?rest_route=\/wp\/v2\/types\/product"}],"replies":[{"embeddable":true,"href":"https:\/\/sexshopzagues.com.mx\/tienda\/index.php?rest_route=%2Fwp%2Fv2%2Fcomments&post=11238"}],"wp:featuredmedia":[{"embeddable":true,"href":"https:\/\/sexshopzagues.com.mx\/tienda\/index.php?rest_route=\/wp\/v2\/media\/11239"}],"wp:attachment":[{"href":"https:\/\/sexshopzagues.com.mx\/tienda\/index.php?rest_route=%2Fwp%2Fv2%2Fmedia&parent=11238"}],"wp:term":[{"taxonomy":"product_cat","embeddable":true,"href":"https:\/\/sexshopzagues.com.mx\/tienda\/index.php?rest_route=%2Fwp%2Fv2%2Fproduct_cat&post=11238"},{"taxonomy":"product_tag","embeddable":true,"href":"https:\/\/sexshopzagues.com.mx\/tienda\/index.php?rest_route=%2Fwp%2Fv2%2Fproduct_tag&post=11238"}],"curies":[{"name":"wp","href":"https:\/\/api.w.org\/{rel}","templated":true}]}}