{"id":11228,"date":"2018-07-07T18:44:38","date_gmt":"2018-07-07T18:44:38","guid":{"rendered":"http:\/\/sexshopzagues.com.mx\/tienda\/?post_type=product&#038;p=11228"},"modified":"2021-09-01T21:43:01","modified_gmt":"2021-09-01T21:43:01","slug":"fantasy-for-her-sensual-pump-her","status":"publish","type":"product","link":"https:\/\/sexshopzagues.com.mx\/tienda\/?product=fantasy-for-her-sensual-pump-her","title":{"rendered":"Fantasy For Her Sensual Pump-Her"},"content":{"rendered":"<p>Se abraz\u00f3 a s\u00ed misma. Ella sab\u00eda exactamente lo que necesitaba. Ese tiempo deb\u00eda ser para ella. Necesitaba un orgasmo, uno real, intenso. Se meti\u00f3 en su cuarto, cerr\u00f3 la puerta, tras ella, cogi\u00f3 el Pump Her que ten\u00eda bajo la almohada y sonri\u00f3&#8230; S\u00ed, era lo que su cuerpo necesitaba<\/p>\n<p>Ella se lo puso entre sus piernas, se hab\u00eda afeitado y su piel estaba suave y seca, ella sab\u00eda que eso aumentar\u00eda la fuerza de la succi\u00f3n. Apret\u00f3 la bomba m\u00e9dica y sinti\u00f3 como sus labios y cl\u00edtoris se excitaban inmediatamente. Cerr\u00f3 sus ojos para disfrutar de tanto placer, delicioso placer que se estaba dando con su PUmp Her, pod\u00eda imaginar a su amante ah\u00ed d\u00e1ndole con su lengua<\/p>\n<p>Presionando el bot\u00f3n un potente masajeador a\u00f1adir\u00e1 vibraci\u00f3n. Ella se hab\u00eda asegurado que el suave vibrador fuera directamente sobre su sensible clitoris, as\u00ed que sentir\u00eda sus potentes vibraciones justo donde ella quer\u00eda y le gusta. Apret\u00f3 el inflador m\u00e1s y m\u00e1s r\u00e1pido. Otro orgasmo&#8230;.jam\u00e1s se hab\u00eda sentido tan completa y tan plena.<\/p>\n<ul>\n<li>Longitud: 705 mm<\/li>\n<li>Peso: 147.41 gr<\/li>\n<li>Sin ftalatos.<\/li>\n<li>Succi\u00f3n y vibraci\u00f3n<\/li>\n<li>Pilas 1AAA no incluidas<\/li>\n<\/ul>\n","protected":false},"excerpt":{"rendered":"Bomba vaginal con textura y vibraci\u00f3n.","protected":false},"featured_media":11229,"comment_status":"open","ping_status":"closed","template":"","meta":[],"product_cat":[60],"product_tag":[91,92,76],"_links":{"self":[{"href":"https:\/\/sexshopzagues.com.mx\/tienda\/index.php?rest_route=\/wp\/v2\/product\/11228"}],"collection":[{"href":"https:\/\/sexshopzagues.com.mx\/tienda\/index.php?rest_route=\/wp\/v2\/product"}],"about":[{"href":"https:\/\/sexshopzagues.com.mx\/tienda\/index.php?rest_route=\/wp\/v2\/types\/product"}],"replies":[{"embeddable":true,"href":"https:\/\/sexshopzagues.com.mx\/tienda\/index.php?rest_route=%2Fwp%2Fv2%2Fcomments&post=11228"}],"wp:featuredmedia":[{"embeddable":true,"href":"https:\/\/sexshopzagues.com.mx\/tienda\/index.php?rest_route=\/wp\/v2\/media\/11229"}],"wp:attachment":[{"href":"https:\/\/sexshopzagues.com.mx\/tienda\/index.php?rest_route=%2Fwp%2Fv2%2Fmedia&parent=11228"}],"wp:term":[{"taxonomy":"product_cat","embeddable":true,"href":"https:\/\/sexshopzagues.com.mx\/tienda\/index.php?rest_route=%2Fwp%2Fv2%2Fproduct_cat&post=11228"},{"taxonomy":"product_tag","embeddable":true,"href":"https:\/\/sexshopzagues.com.mx\/tienda\/index.php?rest_route=%2Fwp%2Fv2%2Fproduct_tag&post=11228"}],"curies":[{"name":"wp","href":"https:\/\/api.w.org\/{rel}","templated":true}]}}