{"id":11214,"date":"2018-07-07T18:22:43","date_gmt":"2018-07-07T18:22:43","guid":{"rendered":"http:\/\/sexshopzagues.com.mx\/tienda\/?post_type=product&#038;p=11214"},"modified":"2023-02-24T20:39:57","modified_gmt":"2023-02-24T20:39:57","slug":"fantasy-for-her-vibrating-roto-suck-her","status":"publish","type":"product","link":"https:\/\/sexshopzagues.com.mx\/tienda\/?product=fantasy-for-her-vibrating-roto-suck-her","title":{"rendered":"Fantasy For Her Vibrating Roto Suck-Her"},"content":{"rendered":"<p>\u00bfQuieres probar un estimulador como ning\u00fan otro? Este estimulador cuenta con una forma innovadora que hace que todo tu cl\u00edtoris est\u00e9 cubierto todo el tiempo. Cuenta con una silicona de alta gama que funciona como una peque\u00f1a ventosa para que no se mueva de donde debe. Presiona el bot\u00f3n \u201cS\u201d para liberar la succi\u00f3n para provocar una oleada de placer, o pulsa \u201cV\u201d para la vibraci\u00f3n, \u00fasalos juntos o separados, t\u00fa decides.<\/p>\n<p>Caracter\u00edsticas:<\/p>\n<ul>\n<li>Multi velocidad<\/li>\n<li>2 pilas AAA<\/li>\n<li>Libre de Ftalatos<\/li>\n<li>Longuitud: 24,9 cm<\/li>\n<\/ul>\n","protected":false},"excerpt":{"rendered":"Bomba de succi\u00f3n vaginal","protected":false},"featured_media":11215,"comment_status":"open","ping_status":"closed","template":"","meta":[],"product_cat":[60,57],"product_tag":[91,92,76],"_links":{"self":[{"href":"https:\/\/sexshopzagues.com.mx\/tienda\/index.php?rest_route=\/wp\/v2\/product\/11214"}],"collection":[{"href":"https:\/\/sexshopzagues.com.mx\/tienda\/index.php?rest_route=\/wp\/v2\/product"}],"about":[{"href":"https:\/\/sexshopzagues.com.mx\/tienda\/index.php?rest_route=\/wp\/v2\/types\/product"}],"replies":[{"embeddable":true,"href":"https:\/\/sexshopzagues.com.mx\/tienda\/index.php?rest_route=%2Fwp%2Fv2%2Fcomments&post=11214"}],"wp:featuredmedia":[{"embeddable":true,"href":"https:\/\/sexshopzagues.com.mx\/tienda\/index.php?rest_route=\/wp\/v2\/media\/11215"}],"wp:attachment":[{"href":"https:\/\/sexshopzagues.com.mx\/tienda\/index.php?rest_route=%2Fwp%2Fv2%2Fmedia&parent=11214"}],"wp:term":[{"taxonomy":"product_cat","embeddable":true,"href":"https:\/\/sexshopzagues.com.mx\/tienda\/index.php?rest_route=%2Fwp%2Fv2%2Fproduct_cat&post=11214"},{"taxonomy":"product_tag","embeddable":true,"href":"https:\/\/sexshopzagues.com.mx\/tienda\/index.php?rest_route=%2Fwp%2Fv2%2Fproduct_tag&post=11214"}],"curies":[{"name":"wp","href":"https:\/\/api.w.org\/{rel}","templated":true}]}}