{"id":11208,"date":"2018-07-07T18:00:30","date_gmt":"2018-07-07T18:00:30","guid":{"rendered":"http:\/\/sexshopzagues.com.mx\/tienda\/?post_type=product&#038;p=11208"},"modified":"2023-02-24T20:41:34","modified_gmt":"2023-02-24T20:41:34","slug":"fantasy-for-her-tease-n-please-her","status":"publish","type":"product","link":"https:\/\/sexshopzagues.com.mx\/tienda\/?product=fantasy-for-her-tease-n-please-her","title":{"rendered":"Fantasy For Her Tease n&#8217; Please-Her"},"content":{"rendered":"<p>Para una noche de pasi\u00f3n sin fin prueba este art\u00edculo. Solo tendr\u00e1s que decidir si usar primero la succi\u00f3n o la vibraci\u00f3n, de nada m\u00e1s y nada menos que de 12 funciones diferentes. Cuando creas que est\u00e1s preparada, solo tendr\u00e1s que pulsar el bot\u00f3n de la succi\u00f3n para que tu cl\u00edtoris se deshaga en placer.<\/p>\n<p>Caracter\u00edsticas:<\/p>\n<ul>\n<li>Succi\u00f3n<\/li>\n<li>12 funciones de vibraci\u00f3n<\/li>\n<li>Impermeable<\/li>\n<li>Recargable por USB<\/li>\n<li>Medidas: 16,5cm x 4,4 cm<\/li>\n<\/ul>\n","protected":false},"excerpt":{"rendered":"Succionador de cl\u00edtoris con vibraci\u00f3n","protected":false},"featured_media":11209,"comment_status":"open","ping_status":"closed","template":"","meta":[],"product_cat":[73,60,57],"product_tag":[96,91,92,76,93],"_links":{"self":[{"href":"https:\/\/sexshopzagues.com.mx\/tienda\/index.php?rest_route=\/wp\/v2\/product\/11208"}],"collection":[{"href":"https:\/\/sexshopzagues.com.mx\/tienda\/index.php?rest_route=\/wp\/v2\/product"}],"about":[{"href":"https:\/\/sexshopzagues.com.mx\/tienda\/index.php?rest_route=\/wp\/v2\/types\/product"}],"replies":[{"embeddable":true,"href":"https:\/\/sexshopzagues.com.mx\/tienda\/index.php?rest_route=%2Fwp%2Fv2%2Fcomments&post=11208"}],"wp:featuredmedia":[{"embeddable":true,"href":"https:\/\/sexshopzagues.com.mx\/tienda\/index.php?rest_route=\/wp\/v2\/media\/11209"}],"wp:attachment":[{"href":"https:\/\/sexshopzagues.com.mx\/tienda\/index.php?rest_route=%2Fwp%2Fv2%2Fmedia&parent=11208"}],"wp:term":[{"taxonomy":"product_cat","embeddable":true,"href":"https:\/\/sexshopzagues.com.mx\/tienda\/index.php?rest_route=%2Fwp%2Fv2%2Fproduct_cat&post=11208"},{"taxonomy":"product_tag","embeddable":true,"href":"https:\/\/sexshopzagues.com.mx\/tienda\/index.php?rest_route=%2Fwp%2Fv2%2Fproduct_tag&post=11208"}],"curies":[{"name":"wp","href":"https:\/\/api.w.org\/{rel}","templated":true}]}}