{"id":11198,"date":"2018-07-07T17:08:45","date_gmt":"2018-07-07T17:08:45","guid":{"rendered":"http:\/\/sexshopzagues.com.mx\/tienda\/?post_type=product&#038;p=11198"},"modified":"2021-09-01T22:00:46","modified_gmt":"2021-09-01T22:00:46","slug":"fetish-fantasy-series-limited-edition-hollow-strap-on","status":"publish","type":"product","link":"https:\/\/sexshopzagues.com.mx\/tienda\/?product=fetish-fantasy-series-limited-edition-hollow-strap-on","title":{"rendered":"Fetish Fantasy Series Limited Edition Hollow Strap-On"},"content":{"rendered":"<p>Aqu\u00ed est\u00e1 el arn\u00e9s perfecto para ambos. Perfecto para los encuentros de mujer a mujer o para experimentar con la zona trasera.<\/p>\n<p>Muchos hombres aman las emociones sexuales anales y este arn\u00e9s le proporcionar\u00e1 esa emoci\u00f3n.<\/p>\n<p>El dildo hueco tambi\u00e9n puede ayudar a los hombres con dificultad para la erecci\u00f3n, o para los que no pueden aguantar m\u00e1s de un asalto seguido.<\/p>\n<p>El arn\u00e9s se adapta f\u00e1cilmente a la mayor\u00eda de tallas y son aptos tambi\u00e9n para las mujeres.<\/p>\n<ul>\n<li>Medidas: 14 cm. x 3,8 cm.<\/li>\n<\/ul>\n","protected":false},"excerpt":{"rendered":"Arn\u00e9s con dildo hueco, para ella o para \u00e9l como funda.","protected":false},"featured_media":11199,"comment_status":"open","ping_status":"closed","template":"","meta":[],"product_cat":[63],"product_tag":[76],"_links":{"self":[{"href":"https:\/\/sexshopzagues.com.mx\/tienda\/index.php?rest_route=\/wp\/v2\/product\/11198"}],"collection":[{"href":"https:\/\/sexshopzagues.com.mx\/tienda\/index.php?rest_route=\/wp\/v2\/product"}],"about":[{"href":"https:\/\/sexshopzagues.com.mx\/tienda\/index.php?rest_route=\/wp\/v2\/types\/product"}],"replies":[{"embeddable":true,"href":"https:\/\/sexshopzagues.com.mx\/tienda\/index.php?rest_route=%2Fwp%2Fv2%2Fcomments&post=11198"}],"wp:featuredmedia":[{"embeddable":true,"href":"https:\/\/sexshopzagues.com.mx\/tienda\/index.php?rest_route=\/wp\/v2\/media\/11199"}],"wp:attachment":[{"href":"https:\/\/sexshopzagues.com.mx\/tienda\/index.php?rest_route=%2Fwp%2Fv2%2Fmedia&parent=11198"}],"wp:term":[{"taxonomy":"product_cat","embeddable":true,"href":"https:\/\/sexshopzagues.com.mx\/tienda\/index.php?rest_route=%2Fwp%2Fv2%2Fproduct_cat&post=11198"},{"taxonomy":"product_tag","embeddable":true,"href":"https:\/\/sexshopzagues.com.mx\/tienda\/index.php?rest_route=%2Fwp%2Fv2%2Fproduct_tag&post=11198"}],"curies":[{"name":"wp","href":"https:\/\/api.w.org\/{rel}","templated":true}]}}