{"id":11193,"date":"2018-07-07T16:58:24","date_gmt":"2018-07-07T16:58:24","guid":{"rendered":"http:\/\/sexshopzagues.com.mx\/tienda\/?post_type=product&#038;p=11193"},"modified":"2021-09-01T22:01:18","modified_gmt":"2021-09-01T22:01:18","slug":"fetish-fantasy-series-limited-edition-the-pegger","status":"publish","type":"product","link":"https:\/\/sexshopzagues.com.mx\/tienda\/?product=fetish-fantasy-series-limited-edition-the-pegger","title":{"rendered":"Fetish Fantasy Series Limited Edition The Pegger"},"content":{"rendered":"<p>Si nunca has probado el juego anal, el The Pegger es justo lo que necesitas para explorar el maravilloso mundo de la estimulaci\u00f3n anal. Este delgado consolador tiene el tama\u00f1o perfecto para tu primer encuentro anal.<\/p>\n<p>Es lo suficientemente peque\u00f1o como para no intimidar, pero lo suficiente grande como para ofrecer el placer que buscas, y h\u00e1bilmente curvado para llegar a esos puntos dulces con facilidad.<\/p>\n<p>Las cuatro correas de nylon se ajustan f\u00e1cilmente para adaptarse a la mayor\u00eda de los tama\u00f1os, mientras que el arn\u00e9s de felpa forrada permanece en su lugar cuando la acci\u00f3n empieza.<\/p>\n<p>Alcanzar el orgasmo mediante la estimulaci\u00f3n anal es incre\u00edblemente excitante gracias a la alta concentraci\u00f3n de terminaciones nerviosas.<\/p>\n<p>As\u00ed que perm\u00edtete entrar en un nuevo mundo del placer por la puerta trasera&#8230; las posibilidades son infinitas!<\/p>\n<ul>\n<li>Longitud insertable: 12 cm. Di\u00e1metro m\u00e1ximo: 3,2 cm.<\/li>\n<\/ul>\n","protected":false},"excerpt":{"rendered":"Arn\u00e9s con dildo discreto, curvo.","protected":false},"featured_media":11194,"comment_status":"open","ping_status":"closed","template":"","meta":[],"product_cat":[63,58],"product_tag":[76,105,86],"_links":{"self":[{"href":"https:\/\/sexshopzagues.com.mx\/tienda\/index.php?rest_route=\/wp\/v2\/product\/11193"}],"collection":[{"href":"https:\/\/sexshopzagues.com.mx\/tienda\/index.php?rest_route=\/wp\/v2\/product"}],"about":[{"href":"https:\/\/sexshopzagues.com.mx\/tienda\/index.php?rest_route=\/wp\/v2\/types\/product"}],"replies":[{"embeddable":true,"href":"https:\/\/sexshopzagues.com.mx\/tienda\/index.php?rest_route=%2Fwp%2Fv2%2Fcomments&post=11193"}],"wp:featuredmedia":[{"embeddable":true,"href":"https:\/\/sexshopzagues.com.mx\/tienda\/index.php?rest_route=\/wp\/v2\/media\/11194"}],"wp:attachment":[{"href":"https:\/\/sexshopzagues.com.mx\/tienda\/index.php?rest_route=%2Fwp%2Fv2%2Fmedia&parent=11193"}],"wp:term":[{"taxonomy":"product_cat","embeddable":true,"href":"https:\/\/sexshopzagues.com.mx\/tienda\/index.php?rest_route=%2Fwp%2Fv2%2Fproduct_cat&post=11193"},{"taxonomy":"product_tag","embeddable":true,"href":"https:\/\/sexshopzagues.com.mx\/tienda\/index.php?rest_route=%2Fwp%2Fv2%2Fproduct_tag&post=11193"}],"curies":[{"name":"wp","href":"https:\/\/api.w.org\/{rel}","templated":true}]}}